{"id":8429,"date":"2019-06-27T14:34:10","date_gmt":"2019-06-27T20:34:10","guid":{"rendered":"https:\/\/www.comonfort.gob.mx\/sitio\/?page_id=8429"},"modified":"2026-04-22T20:00:07","modified_gmt":"2026-04-23T02:00:07","slug":"agenda-regulatoria","status":"publish","type":"page","link":"https:\/\/www.comonfort.gob.mx\/sitio\/agenda-regulatoria\/","title":{"rendered":"Agenda Regulatoria"},"content":{"rendered":"<div id=\"fb-root\"><\/div>\n\t\t<div data-elementor-type=\"wp-page\" data-elementor-id=\"8429\" class=\"elementor elementor-8429\">\n\t\t\t\t\t\t<section class=\"elementor-section elementor-top-section elementor-element elementor-element-1aebc350 elementor-section-boxed elementor-section-height-default elementor-section-height-default\" data-id=\"1aebc350\" data-element_type=\"section\">\n\t\t\t\t\t\t<div class=\"elementor-container elementor-column-gap-default\">\n\t\t\t\t\t<div class=\"elementor-column elementor-col-100 elementor-top-column elementor-element elementor-element-4b11ec6\" data-id=\"4b11ec6\" data-element_type=\"column\">\n\t\t\t<div class=\"elementor-widget-wrap elementor-element-populated\">\n\t\t\t\t\t\t<div class=\"elementor-element elementor-element-a8f674f elementor-widget elementor-widget-text-editor\" data-id=\"a8f674f\" data-element_type=\"widget\" data-widget_type=\"text-editor.default\">\n\t\t\t\t<div class=\"elementor-widget-container\">\n\t\t\t\t\t\t\t\t\t<style><span data-mce-type=\"bookmark\" style=\"display: inline-block; width: 0px; overflow: hidden; line-height: 0;\" class=\"mce_SELRES_start\">\ufeff<\/span><br \/>\r\nspan.blue {<br \/>  background: #5178D0;<br \/>  border-radius: 60%;<br \/>  -moz-border-radius: 60%em;<br \/>  -webkit-border-radius: 60%em;<br \/>  color: #ffffff;<br \/>  display: inline-block;<br \/>  font-weight: bold;<br \/>  line-height: 1.6em;<br \/>  margin-right: 15px;<br \/>  text-align: center;<br \/>  width: 80%;<br \/>}<br \/>.contenedorr {<br \/>    width: 95%;<br \/>}<br \/>.texto{<br \/>    color:#000000CC;<br \/>    margin-left:5%;<br \/>    margin-right:5%;<br \/>    text-align:justify;<br \/>    line-height: 24px;<br \/>    margin-bottom: 15px;<br \/>    font-family: 'Lato', sans-serif;<br \/>    font-size: 16px;<br \/>}<br \/>.titulo{<br \/>padding-bottom: 1%;<br \/>}<br \/>.hipervinculo{<br \/>padding-left: 1%;<br \/>font-size: 18px;<br \/>}<br \/><\/style>\r\n<div class=\"texto\">\r\n<h4><b style=\"color: #000;\">Agenda Regulatoria<\/b><\/h4>\r\nLa Agenda Regulatoria, es la propuesta de regulaciones que los Sujetos Obligados pretenden expedir y deber\u00e1n presentarla ante la Autoridad de Mejora Regulatoria en mayo y noviembre de cada a\u00f1o, para ser aplicada en los periodos subsecuentes, de junio a noviembre y de diciembre a mayo, respectivamente.\r\n<!--\r\n<br>\r\nLa siguiente agenda es correspondiente al periodo de Junio-Noviembre 2025 y estar\u00e1 publicada por un tiempo de 20 d\u00edas para su consulta.\r\n<br>\r\n<center>\r\n<iframe src=\"https:\/\/docs.google.com\/gview?url=https:\/\/drive.google.com\/uc?id=1YJ1NyDy0Zkova8Pb85nF3ebsCbqjxrMC&export=download&embedded=true\" width=\"85%\" height=\"600px\" frameborder=\"0\"><\/iframe>\r\n<\/center>\r\n\r\nLa Agenda Regulatoria deber\u00e1 incluir al menos:\r\nNombre preliminar de la Propuesta Regulatoria.\r\nMateria sobre la que versar\u00e1 la Regulaci\u00f3n.\r\nProblem\u00e1tica que se pretende resolver con la Propuesta Regulatoria.\r\nJustificaci\u00f3n para emitir la Propuesta Regulatoria.\r\nFecha tentativa de presentaci\u00f3n.\r\n\r\n\r\nLa siguiente agenda es correspondiente al periodo de Diciembre 2024 - Mayo 2025 y estar\u00e1 publicada por un tiempo de 20 d\u00edas para su consulta.\r\n\r\n\r\n \t<li class=\"titulo\">\r\n<a href=\"https:\/\/www.comonfort.gob.mx\/documentacion\/mejora-regulatoria\/agenda-regulatoria\/agenda-regulatoria-jun-nov-2022.pdf\" target=\"_blank\" class=\"hipervinculo\" rel=\"noopener\">Agenda Regulatoria<\/a><\/li>\r\n\r\n[pdfjs-viewer url=https:\/\/www.comonfort.gob.mx\/documentacion\/mejora-regulatoria\/agenda-regulatoria\/agenda-regulatoria-nov-2023-may-2024.pdf viewer_width=100% viewer_height=600px fullscreen=true download=true print=true]\r\n\r\n\r\n\r\n[pdfjs-viewer url=https:\/\/www.comonfort.gob.mx\/sitio\/wp-content\/uploads\/2024\/12\/Agenda-Regulatoria-Dic24-May2520241219130040.pdf viewer_width=100% viewer_height=600px fullscreen=true download=true print=true]\r\n-->\r\n<\/div>\t\t\t\t\t\t\t\t<\/div>\n\t\t\t\t<\/div>\n\t\t\t\t\t<\/div>\n\t\t<\/div>\n\t\t\t\t\t<\/div>\n\t\t<\/section>\n\t\t\t\t<section class=\"elementor-section elementor-top-section elementor-element elementor-element-9671746 elementor-section-boxed elementor-section-height-default elementor-section-height-default\" data-id=\"9671746\" data-element_type=\"section\">\n\t\t\t\t\t\t<div class=\"elementor-container elementor-column-gap-default\">\n\t\t\t\t\t<div class=\"elementor-column elementor-col-100 elementor-top-column elementor-element elementor-element-50dfbe7\" data-id=\"50dfbe7\" data-element_type=\"column\">\n\t\t\t<div class=\"elementor-widget-wrap elementor-element-populated\">\n\t\t\t\t\t\t<div class=\"elementor-element elementor-element-1c66f2f elementor-widget__width-initial elementor-widget elementor-widget-html\" data-id=\"1c66f2f\" data-element_type=\"widget\" data-widget_type=\"html.default\">\n\t\t\t\t<div class=\"elementor-widget-container\">\n\t\t\t\t\t<!DOCTYPE html>\r\n<html lang=\"es\">\r\n<head>\r\n    <meta charset=\"UTF-8\">\r\n    <meta name=\"viewport\" content=\"width=device-width, initial-scale=1.0\">\r\n    <title>Lineamientos - Dise\u00f1o Profesional y Elegante<\/title>\r\n    <style>\r\n        \/* Estilos Generales y Tipograf\u00eda *\/\r\n        body {\r\n            \/* Fondo gris claro y elegante *\/\r\n            font-family: 'Segoe UI', Tahoma, Geneva, Verdana, sans-serif;\r\n            background-color: #e8ecf1; \r\n            color: #333; \/* Color de texto base oscuro *\/\r\n            margin: 0;\r\n            padding: 20px;\r\n        }\r\n\r\n        \/* Contenedor Principal *\/\r\n        .contenedor-moderno {\r\n            max-width: 900px;\r\n            margin: 30px auto;\r\n            background-color: #ffffff;\r\n            border-radius: 10px;\r\n            \/* Sombra sutil para \"levantar\" el contenedor *\/\r\n            box-shadow: 0 6px 15px rgba(0, 0, 0, 0.15); \r\n            overflow: hidden;\r\n            border: 1px solid #ddd; \/* Borde muy sutil para definici\u00f3n *\/\r\n        }\r\n\r\n        \/* Header (Rojo para mantener la identidad) *\/\r\n        .header-moderno {\r\n            background-color: #8b0000; \/* Rojo institucional *\/\r\n            color: white;\r\n            text-align: center;\r\n            padding: 18px 20px;\r\n            font-size: 1.8em; \/* Un poco m\u00e1s grande para sobresalir *\/\r\n            font-weight: 700;\r\n        }\r\n\r\n        \/* Lista de Lineamientos (Usando Flexbox o Grid para las filas) *\/\r\n        .lineamiento-lista {\r\n            display: flex;\r\n            flex-direction: column;\r\n            padding: 0 25px; \/* M\u00e1s padding para airear *\/\r\n        }\r\n\r\n        .lineamiento-item {\r\n            display: flex;\r\n            justify-content: space-between;\r\n            align-items: center;\r\n            padding: 20px 0; \/* M\u00e1s espaciado vertical *\/\r\n            border-bottom: 1px solid #f0f0f0; \/* L\u00ednea separadora muy clara *\/\r\n        }\r\n\r\n        .lineamiento-item:last-child {\r\n            border-bottom: none;\r\n        }\r\n\r\n        \/* Estilo del Enlace Principal (el texto que debe sobresalir) *\/\r\n        .lineamiento-item .titulo-enlace {\r\n            flex-grow: 1;\r\n            margin-right: 20px;\r\n            text-decoration: none;\r\n            color: #1a1a1a; \/* Negro muy oscuro para que la letra \"salte\" *\/\r\n            font-weight: 600; \/* Semi-bold *\/\r\n            font-size: 1.05em; \/* Ligeramente m\u00e1s grande *\/\r\n            line-height: 1.4;\r\n            transition: color 0.2s;\r\n        }\r\n\r\n        .lineamiento-item .titulo-enlace:hover {\r\n            color: #a52a2a; \/* Tonalidad de rojo m\u00e1s c\u00e1lida al pasar el rat\u00f3n *\/\r\n        }\r\n\r\n        \/* Estilo del Bot\u00f3n\/Enlace de Peri\u00f3dico Oficial *\/\r\n        .link-oficial a {\r\n            padding: 10px 18px; \/* M\u00e1s padding para parecer bot\u00f3n *\/\r\n            background-color: #f0f0f0; \/* Fondo gris neutro y limpio *\/\r\n            color: #555; \/* Texto oscuro pero no negro *\/\r\n            text-decoration: none;\r\n            border-radius: 6px;\r\n            font-size: 0.95em;\r\n            font-weight: 500;\r\n            white-space: nowrap;\r\n            transition: background-color 0.2s, color 0.2s;\r\n        }\r\n\r\n        .link-oficial a:hover {\r\n            background-color: #ddd; \/* M\u00e1s oscuro al pasar el rat\u00f3n *\/\r\n            color: #1a1a1a;\r\n        }\r\n        \r\n        \/* Media Query para m\u00f3viles: apila los elementos si la pantalla es estrecha *\/\r\n        @media (max-width: 650px) {\r\n            .lineamiento-item {\r\n                flex-direction: column;\r\n                align-items: flex-start;\r\n                padding: 15px 0;\r\n            }\r\n            .lineamiento-item .titulo-enlace {\r\n                margin-right: 0;\r\n                margin-bottom: 10px;\r\n            }\r\n            .link-oficial {\r\n                width: 100%;\r\n                text-align: right;\r\n            }\r\n        }\r\n    <\/style>\r\n<\/head>\r\n<body>\r\n\r\n<div class=\"contenedor-moderno\">\r\n    <div class=\"header-moderno\">AGENDA REGULATORIA DEL MUNICIPIO DE COMONFORT, GTO.<\/div>\r\n    <div class=\"lineamiento-lista\">\r\n        \r\n        \r\n        <div class=\"lineamiento-item\">\r\n            <a href=\" \" class=\"titulo-enlace\" target=\"_blank\" rel=\"noopener noreferrer\"> <\/a>\r\n            <div class=\"link-oficial\"><\/div>\r\n        <\/div>\r\n    <\/div>\r\n<\/div>\r\n\r\n<\/body>\r\n<\/html>\t\t\t\t<\/div>\n\t\t\t\t<\/div>\n\t\t\t\t\t<\/div>\n\t\t<\/div>\n\t\t\t\t\t<\/div>\n\t\t<\/section>\n\t\t\t\t<\/div>\n\t\t","protected":false},"excerpt":{"rendered":"<p>Agenda Regulatoria La Agenda Regulatoria, es la propuesta de regulaciones que los Sujetos Obligados pretenden expedir y deber\u00e1n presentarla ante la Autoridad de Mejora Regulatoria en mayo y noviembre de cada a\u00f1o, para ser aplicada en los periodos subsecuentes, de junio a noviembre y de diciembre a mayo, respectivamente. Lineamientos &#8211; Dise\u00f1o Profesional y Elegante [&hellip;]<\/p>\n","protected":false},"author":1,"featured_media":0,"parent":0,"menu_order":0,"comment_status":"closed","ping_status":"closed","template":"","meta":{"saved_in_kubio":false,"_eb_attr":"","footnotes":""},"kubio_ai_page_context":{"short_desc":"","purpose":"general"},"yoast_head":"<!-- This site is optimized with the Yoast SEO plugin v24.3 - https:\/\/yoast.com\/wordpress\/plugins\/seo\/ -->\n<title>Agenda Regulatoria -<\/title>\n<meta name=\"robots\" content=\"index, follow, max-snippet:-1, max-image-preview:large, max-video-preview:-1\" \/>\n<link rel=\"canonical\" href=\"https:\/\/www.comonfort.gob.mx\/sitio\/agenda-regulatoria\/\" \/>\n<meta property=\"og:locale\" content=\"es_ES\" \/>\n<meta property=\"og:type\" content=\"article\" \/>\n<meta property=\"og:title\" content=\"Agenda Regulatoria -\" \/>\n<meta property=\"og:description\" content=\"Agenda Regulatoria La Agenda Regulatoria, es la propuesta de regulaciones que los Sujetos Obligados pretenden expedir y deber\u00e1n presentarla ante la Autoridad de Mejora Regulatoria en mayo y noviembre de cada a\u00f1o, para ser aplicada en los periodos subsecuentes, de junio a noviembre y de diciembre a mayo, respectivamente. Lineamientos &#8211; Dise\u00f1o Profesional y Elegante [&hellip;]\" \/>\n<meta property=\"og:url\" content=\"https:\/\/www.comonfort.gob.mx\/sitio\/agenda-regulatoria\/\" \/>\n<meta property=\"article:publisher\" content=\"https:\/\/www.facebook.com\/Gobierno-de-Comonfort-2018-2021-771384679654142\/\" \/>\n<meta property=\"article:modified_time\" content=\"2026-04-23T02:00:07+00:00\" \/>\n<meta name=\"twitter:card\" content=\"summary_large_image\" \/>\n<meta name=\"twitter:site\" content=\"@GobComonfort\" \/>\n<meta name=\"twitter:label1\" content=\"Tiempo de lectura\" \/>\n\t<meta name=\"twitter:data1\" content=\"1 minuto\" \/>\n<script type=\"application\/ld+json\" class=\"yoast-schema-graph\">{\"@context\":\"https:\/\/schema.org\",\"@graph\":[{\"@type\":\"WebPage\",\"@id\":\"https:\/\/www.comonfort.gob.mx\/sitio\/agenda-regulatoria\/\",\"url\":\"https:\/\/www.comonfort.gob.mx\/sitio\/agenda-regulatoria\/\",\"name\":\"Agenda Regulatoria -\",\"isPartOf\":{\"@id\":\"https:\/\/www.comonfort.gob.mx\/sitio\/#website\"},\"datePublished\":\"2019-06-27T20:34:10+00:00\",\"dateModified\":\"2026-04-23T02:00:07+00:00\",\"breadcrumb\":{\"@id\":\"https:\/\/www.comonfort.gob.mx\/sitio\/agenda-regulatoria\/#breadcrumb\"},\"inLanguage\":\"es\",\"potentialAction\":[{\"@type\":\"ReadAction\",\"target\":[\"https:\/\/www.comonfort.gob.mx\/sitio\/agenda-regulatoria\/\"]}]},{\"@type\":\"BreadcrumbList\",\"@id\":\"https:\/\/www.comonfort.gob.mx\/sitio\/agenda-regulatoria\/#breadcrumb\",\"itemListElement\":[{\"@type\":\"ListItem\",\"position\":1,\"name\":\"Portada\",\"item\":\"https:\/\/www.comonfort.gob.mx\/sitio\/\"},{\"@type\":\"ListItem\",\"position\":2,\"name\":\"Agenda Regulatoria\"}]},{\"@type\":\"WebSite\",\"@id\":\"https:\/\/www.comonfort.gob.mx\/sitio\/#website\",\"url\":\"https:\/\/www.comonfort.gob.mx\/sitio\/\",\"name\":\"Presidencia Municipal de Comonfort, Gto.\",\"description\":\"\",\"publisher\":{\"@id\":\"https:\/\/www.comonfort.gob.mx\/sitio\/#organization\"},\"potentialAction\":[{\"@type\":\"SearchAction\",\"target\":{\"@type\":\"EntryPoint\",\"urlTemplate\":\"https:\/\/www.comonfort.gob.mx\/sitio\/?s={search_term_string}\"},\"query-input\":{\"@type\":\"PropertyValueSpecification\",\"valueRequired\":true,\"valueName\":\"search_term_string\"}}],\"inLanguage\":\"es\"},{\"@type\":\"Organization\",\"@id\":\"https:\/\/www.comonfort.gob.mx\/sitio\/#organization\",\"name\":\"Presidencia Municipal de Comonfort, Gto.\",\"url\":\"https:\/\/www.comonfort.gob.mx\/sitio\/\",\"logo\":{\"@type\":\"ImageObject\",\"inLanguage\":\"es\",\"@id\":\"https:\/\/www.comonfort.gob.mx\/sitio\/#\/schema\/logo\/image\/\",\"url\":\"https:\/\/www.comonfort.gob.mx\/sitio\/wp-content\/uploads\/2020\/11\/logo-comonfort-c.png\",\"contentUrl\":\"https:\/\/www.comonfort.gob.mx\/sitio\/wp-content\/uploads\/2020\/11\/logo-comonfort-c.png\",\"width\":326,\"height\":348,\"caption\":\"Presidencia Municipal de Comonfort, Gto.\"},\"image\":{\"@id\":\"https:\/\/www.comonfort.gob.mx\/sitio\/#\/schema\/logo\/image\/\"},\"sameAs\":[\"https:\/\/www.facebook.com\/Gobierno-de-Comonfort-2018-2021-771384679654142\/\",\"https:\/\/x.com\/GobComonfort\",\"https:\/\/www.instagram.com\/gobiernocomonfort_oficial\/\",\"https:\/\/www.linkedin.com\/in\/gobierno-de-comonfort-380b251aa\"]}]}<\/script>\n<!-- \/ Yoast SEO plugin. -->","yoast_head_json":{"title":"Agenda Regulatoria -","robots":{"index":"index","follow":"follow","max-snippet":"max-snippet:-1","max-image-preview":"max-image-preview:large","max-video-preview":"max-video-preview:-1"},"canonical":"https:\/\/www.comonfort.gob.mx\/sitio\/agenda-regulatoria\/","og_locale":"es_ES","og_type":"article","og_title":"Agenda Regulatoria -","og_description":"Agenda Regulatoria La Agenda Regulatoria, es la propuesta de regulaciones que los Sujetos Obligados pretenden expedir y deber\u00e1n presentarla ante la Autoridad de Mejora Regulatoria en mayo y noviembre de cada a\u00f1o, para ser aplicada en los periodos subsecuentes, de junio a noviembre y de diciembre a mayo, respectivamente. Lineamientos &#8211; Dise\u00f1o Profesional y Elegante [&hellip;]","og_url":"https:\/\/www.comonfort.gob.mx\/sitio\/agenda-regulatoria\/","article_publisher":"https:\/\/www.facebook.com\/Gobierno-de-Comonfort-2018-2021-771384679654142\/","article_modified_time":"2026-04-23T02:00:07+00:00","twitter_card":"summary_large_image","twitter_site":"@GobComonfort","twitter_misc":{"Tiempo de lectura":"1 minuto"},"schema":{"@context":"https:\/\/schema.org","@graph":[{"@type":"WebPage","@id":"https:\/\/www.comonfort.gob.mx\/sitio\/agenda-regulatoria\/","url":"https:\/\/www.comonfort.gob.mx\/sitio\/agenda-regulatoria\/","name":"Agenda Regulatoria -","isPartOf":{"@id":"https:\/\/www.comonfort.gob.mx\/sitio\/#website"},"datePublished":"2019-06-27T20:34:10+00:00","dateModified":"2026-04-23T02:00:07+00:00","breadcrumb":{"@id":"https:\/\/www.comonfort.gob.mx\/sitio\/agenda-regulatoria\/#breadcrumb"},"inLanguage":"es","potentialAction":[{"@type":"ReadAction","target":["https:\/\/www.comonfort.gob.mx\/sitio\/agenda-regulatoria\/"]}]},{"@type":"BreadcrumbList","@id":"https:\/\/www.comonfort.gob.mx\/sitio\/agenda-regulatoria\/#breadcrumb","itemListElement":[{"@type":"ListItem","position":1,"name":"Portada","item":"https:\/\/www.comonfort.gob.mx\/sitio\/"},{"@type":"ListItem","position":2,"name":"Agenda Regulatoria"}]},{"@type":"WebSite","@id":"https:\/\/www.comonfort.gob.mx\/sitio\/#website","url":"https:\/\/www.comonfort.gob.mx\/sitio\/","name":"Presidencia Municipal de Comonfort, Gto.","description":"","publisher":{"@id":"https:\/\/www.comonfort.gob.mx\/sitio\/#organization"},"potentialAction":[{"@type":"SearchAction","target":{"@type":"EntryPoint","urlTemplate":"https:\/\/www.comonfort.gob.mx\/sitio\/?s={search_term_string}"},"query-input":{"@type":"PropertyValueSpecification","valueRequired":true,"valueName":"search_term_string"}}],"inLanguage":"es"},{"@type":"Organization","@id":"https:\/\/www.comonfort.gob.mx\/sitio\/#organization","name":"Presidencia Municipal de Comonfort, Gto.","url":"https:\/\/www.comonfort.gob.mx\/sitio\/","logo":{"@type":"ImageObject","inLanguage":"es","@id":"https:\/\/www.comonfort.gob.mx\/sitio\/#\/schema\/logo\/image\/","url":"https:\/\/www.comonfort.gob.mx\/sitio\/wp-content\/uploads\/2020\/11\/logo-comonfort-c.png","contentUrl":"https:\/\/www.comonfort.gob.mx\/sitio\/wp-content\/uploads\/2020\/11\/logo-comonfort-c.png","width":326,"height":348,"caption":"Presidencia Municipal de Comonfort, Gto."},"image":{"@id":"https:\/\/www.comonfort.gob.mx\/sitio\/#\/schema\/logo\/image\/"},"sameAs":["https:\/\/www.facebook.com\/Gobierno-de-Comonfort-2018-2021-771384679654142\/","https:\/\/x.com\/GobComonfort","https:\/\/www.instagram.com\/gobiernocomonfort_oficial\/","https:\/\/www.linkedin.com\/in\/gobierno-de-comonfort-380b251aa"]}]}},"_links":{"self":[{"href":"https:\/\/www.comonfort.gob.mx\/sitio\/wp-json\/wp\/v2\/pages\/8429"}],"collection":[{"href":"https:\/\/www.comonfort.gob.mx\/sitio\/wp-json\/wp\/v2\/pages"}],"about":[{"href":"https:\/\/www.comonfort.gob.mx\/sitio\/wp-json\/wp\/v2\/types\/page"}],"author":[{"embeddable":true,"href":"https:\/\/www.comonfort.gob.mx\/sitio\/wp-json\/wp\/v2\/users\/1"}],"replies":[{"embeddable":true,"href":"https:\/\/www.comonfort.gob.mx\/sitio\/wp-json\/wp\/v2\/comments?post=8429"}],"version-history":[{"count":23,"href":"https:\/\/www.comonfort.gob.mx\/sitio\/wp-json\/wp\/v2\/pages\/8429\/revisions"}],"predecessor-version":[{"id":25039,"href":"https:\/\/www.comonfort.gob.mx\/sitio\/wp-json\/wp\/v2\/pages\/8429\/revisions\/25039"}],"wp:attachment":[{"href":"https:\/\/www.comonfort.gob.mx\/sitio\/wp-json\/wp\/v2\/media?parent=8429"}],"curies":[{"name":"wp","href":"https:\/\/api.w.org\/{rel}","templated":true}]}}