{"id":451,"date":"2016-01-10T23:34:57","date_gmt":"2016-01-11T05:34:57","guid":{"rendered":"http:\/\/www.comonfort.gob.mx\/ppp\/?page_id=451"},"modified":"2016-05-23T12:40:47","modified_gmt":"2016-05-23T18:40:47","slug":"instituciones-educativas","status":"publish","type":"page","link":"https:\/\/www.comonfort.gob.mx\/sitio\/instituciones-educativas\/","title":{"rendered":"Instituciones Educativas de Comonfort"},"content":{"rendered":"<div id=\"fb-root\"><\/div>\n<p><!DOCTYPE html><br \/>\n<html lang=\"es\"><br \/>\n        <meta charset=\"utf-8\" \/><\/p>\n<style>\n           hr {\n    height: 5px;\n    border: 0;\n    background-color: #406C29;\n              }\n<\/style>\n<p><\/html><\/p>\n<p><center><strong><font size=5 color=#61197B>Universidad SABES &#8211; UNIDEG<\/font><\/strong><\/center><br \/>\n<center><br \/>\n<a href=\"http:\/\/sabes.edu.mx\/\" rel=\"attachment wp-att-458\"><img decoding=\"async\" src=\"https:\/\/www.comonfort.gob.mx\/sitio\/wp-content\/uploads\/2016\/01\/sabes-1-213x300.png\" alt=\"sabes\" width=\"107\" height=\"150\" class=\"alignnone size-medium wp-image-458\" srcset=\"https:\/\/www.comonfort.gob.mx\/sitio\/wp-content\/uploads\/2016\/01\/sabes-1-213x300.png 213w, https:\/\/www.comonfort.gob.mx\/sitio\/wp-content\/uploads\/2016\/01\/sabes-1.png 376w\" sizes=\"(max-width: 107px) 100vw, 107px\" \/><\/a><br \/>\n<\/center><br \/>\n<center><div style=\"width: 1280px;\" class=\"wp-video\"><!--[if lt IE 9]><script>document.createElement('video');<\/script><![endif]-->\n<video class=\"wp-video-shortcode\" id=\"video-451-1\" width=\"1280\" height=\"720\" preload=\"metadata\" controls=\"controls\"><source type=\"video\/mp4\" src=\"https:\/\/www.comonfort.gob.mx\/sitio\/wp-content\/uploads\/2016\/01\/Promo-Admisiones-Universidad-V4.mp4?_=1\" \/><a href=\"https:\/\/www.comonfort.gob.mx\/sitio\/wp-content\/uploads\/2016\/01\/Promo-Admisiones-Universidad-V4.mp4\">https:\/\/www.comonfort.gob.mx\/sitio\/wp-content\/uploads\/2016\/01\/Promo-Admisiones-Universidad-V4.mp4<\/a><\/video><\/div>\n<\/center><\/p>\n<p><center><\/p>\n<table style=\"background-color:#D3D3D3\" BORDERCOLOR=#61197B>\n<font size=3 color=#61197B><\/p>\n<tr>\n<td style=\"border-color: #61197B;\"><strong>&#8230;<\/strong><\/td>\n<td style=\"border-color: #61197B;\"><font color=#61197B><strong>DATOS<\/strong><\/td>\n<\/tr>\n<tr>\n<td style=\"border-color: #61197B;\"><font color=#61197B><strong>Domicilio:<\/strong><\/td>\n<td style=\"border-color: #61197B;\"><font color=#61197B>Calle Camino Real #6, Barrio Melgarito, C.P. 38200, Comonfort, Gto. \u00abA un costado de Presidencia Municipal\u00bb<\/td>\n<\/tr>\n<tr>\n<td style=\"border-color: #61197B;\"><font color=#61197B><strong>Tel\u00e9fono:<\/strong><\/td>\n<td style=\"border-color: #61197B;\"><font color=#61197B>01 (412) 158-0323 y 158-0322<\/td>\n<\/tr>\n<tr>\n<td style=\"border-color: #61197B;\"><font color=#61197B><strong>Contacto:<\/strong><\/td>\n<td style=\"border-color: #61197B;\"><font color=#61197B>Lic. Barbara Rodr\u00edguez Garc\u00eda, Especialista Administrativo<\/td>\n<\/tr>\n<tr>\n<td style=\"border-color: #61197B;\"><font color=#61197B><strong>Correo:<\/strong><\/td>\n<td style=\"border-color: #61197B;\"><font color=#61197B>barbara.rodriguezg@sabes.edu.mx \/ unideg.comonfort@sabes.edu.mx<\/td>\n<\/tr>\n<tr>\n<td style=\"border-color: #61197B;\"><font color=#61197B><strong>Horario:<\/strong><\/td>\n<td style=\"border-color: #61197B;\"><font color=#61197B>08:00 a 18:00 hrs. de Martes a Viernes, 08:00 a 16:00 Hrs S\u00e1bado<\/td>\n<\/tr>\n<tr>\n<td style=\"border-color: #61197B;\"><font color=#61197B><strong>Web:<\/strong><\/td>\n<td style=\"border-color: #61197B;\"><a href=\"http:\/\/sabes.edu.mx\/universidad-comonfort\/\" target=\"_blank\"><font color=#61197B>http:\/\/sabes.edu.mx\/universidad-comonfort\/<\/a><\/td>\n<\/tr>\n<tr>\n<td style=\"border-color: #61197B;\"><font color=#61197B><strong>Facebook:<\/strong><\/td>\n<td style=\"border-color: #61197B;\"><a href=\"http:\/\/www.facebook.com\/UniversidadSABESComonfort\/\" target=\"_blank\"><font color=#61197B>http:\/\/www.facebook.com\/UniversidadSABESComonfort\/<\/a><\/td>\n<\/tr>\n<p><\/font><\/table style>\n<\/center><\/p>\n<hr>\n<p><center><strong><font size=5 color=#61197B> Escuela Normal Particular \u00abCentro de Estudios Comonfort\u00bb<\/font><\/strong><\/center><\/p>\n<p><center><\/p>\n<table style=\"background-color:#D3D3D3\" BORDERCOLOR=#61197B>\n<font size=3 color=#61197B><\/p>\n<tr>\n<td style=\"border-color: #61197B;\"><strong>&#8230;<\/strong><\/td>\n<td style=\"border-color: #61197B;\"><font color=#61197B><strong>DATOS<\/strong><\/td>\n<\/tr>\n<tr>\n<td style=\"border-color: #61197B;\"><font color=#61197B><strong>Domicilio:<\/strong><\/td>\n<td style=\"border-color: #61197B;\"><font color=#61197B>Del Pozo 7, Centro, 38200 Comonfort, Gto.<\/td>\n<\/tr>\n<tr>\n<td style=\"border-color: #61197B;\"><font color=#61197B><strong>Tel\u00e9fono:<\/strong><\/td>\n<td style=\"border-color: #61197B;\"><font color=#61197B>01 412 156 6157<\/td>\n<\/tr>\n<tr>\n<td style=\"border-color: #61197B;\"><font color=#61197B><strong>Web:<\/strong><\/td>\n<td style=\"border-color: #61197B;\"><a href=\"https:\/\/www.google.com.mx\/#q=centro+de+estudios+comonfort+guanajuato\" target=\"_blank\"><font color=#61197B>https:\/\/www.google.com.mx\/#q=centro+de+estudios+comonfort+guanajuato<\/a><\/td>\n<\/tr>\n<tr>\n<td style=\"border-color: #61197B;\"><font color=#61197B><strong>Facebook:<\/strong><\/td>\n<td style=\"border-color: #61197B;\"><a href=\"https:\/\/www.facebook.com\/CECNORMALPRIMARIA\/\" target=\"_blank\"><font color=#61197B>https:\/\/www.facebook.com\/CECNORMALPRIMARIA\/<\/a><\/td>\n<\/tr>\n<p><\/font><\/table style>\n<\/center><\/p>\n<hr>\n<p><center><strong><font size=5 color=#61197B> Preparatoria \u00abDr. Jos\u00e9 Mar\u00eda Luis Mora\u00bb<\/font><\/strong><\/center><\/p>\n<p><center><\/p>\n<table style=\"background-color:#D3D3D3\" BORDERCOLOR=#61197B>\n<font size=3 color=#61197B><\/p>\n<tr>\n<td style=\"border-color: #61197B;\"><strong>&#8230;<\/strong><\/td>\n<td style=\"border-color: #61197B;\"><font color=#61197B><strong>DATOS<\/strong><\/td>\n<\/tr>\n<tr>\n<td style=\"border-color: #61197B;\"><font color=#61197B><strong>Domicilio:<\/strong><\/td>\n<td style=\"border-color: #61197B;\"><font color=#61197B>Carretera Comonfort San MIguel de Allende SN, 38200 Comonfort, Gto.<\/td>\n<\/tr>\n<tr>\n<td style=\"border-color: #61197B;\"><font color=#61197B><strong>Tel\u00e9fono:<\/strong><\/td>\n<td style=\"border-color: #61197B;\"><font color=#61197B>01 412 156 2762<\/td>\n<\/tr>\n<tr>\n<td style=\"border-color: #61197B;\"><font color=#61197B><strong>Web:<\/strong><\/td>\n<td style=\"border-color: #61197B;\"><a href=\"https:\/\/www.google.com.mx\/#q=preparatoria+dr+jose+maria+luis+mora\" target=\"_blank\"><font color=#61197B>https:\/\/www.google.com.mx\/#q=preparatoria+dr+jose+maria+luis+mora<\/a><\/td>\n<\/tr>\n<tr>\n<td style=\"border-color: #61197B;\"><font color=#61197B><strong>Facebook:<\/strong><\/td>\n<td style=\"border-color: #61197B;\"><a href=\"https:\/\/www.facebook.com\/profile.php?id=100010416674126&#038;fref=ts\" target=\"_blank\"><font color=#61197B>https:\/\/www.facebook.com\/profile.php?id=100010416674126&#038;fref=ts <\/a><\/td>\n<\/tr>\n<p><\/font><\/table style>\n<\/center><\/p>\n<hr>\n<p><center><strong><font size=5 color=#61197B>Instituto Universitario Narciso Bassols<\/font><\/strong><\/center><\/p>\n<p><center><\/p>\n<table style=\"background-color:#D3D3D3\" BORDERCOLOR=#61197B>\n<font size=3 color=#61197B><\/p>\n<tr>\n<td style=\"border-color: #61197B;\"><strong>&#8230;<\/strong><\/td>\n<td style=\"border-color: #61197B;\"><font color=#61197B><strong>DATOS<\/strong><\/td>\n<\/tr>\n<tr>\n<td style=\"border-color: #61197B;\"><font color=#61197B><strong>Domicilio:<\/strong><\/td>\n<td style=\"border-color: #61197B;\"><font color=#61197B>Vicente Guerrero #23 Colonia:Centro CP:38200 <\/td>\n<\/tr>\n<tr>\n<td style=\"border-color: #61197B;\"><font color=#61197B><strong>Tel\u00e9fono:<\/strong><\/td>\n<td style=\"border-color: #61197B;\"><font color=#61197B>(412) 1563453 y 1563452\n<\/td>\n<\/tr>\n<tr>\n<td style=\"border-color: #61197B;\"><font color=#61197B><strong>Web:<\/strong><\/td>\n<td style=\"border-color: #61197B;\"><a href=\"http:\/\/app.seg.guanajuato.gob.mx\/ceo\/IU\/Busquedas\/PAG_General.aspx?ClaveCCT=11PCT0040T&#038;turno=2\" target=\"_blank\"><font color=#61197B>http:\/\/app.seg.guanajuato.gob.mx\/ceo\/IU\/Busquedas\/PAG_General.aspx?ClaveCCT=11PCT0040T&#038;turno=2<\/a><\/td>\n<\/tr>\n<tr>\n<td style=\"border-color: #61197B;\"><font color=#61197B><strong>Facebook:<\/strong><\/td>\n<td style=\"border-color: #61197B;\"><a href=\"https:\/\/www.facebook.com\/institutouniversitario.narcisobassols?fref=ts\" target=\"_blank\"><font color=#61197B>https:\/\/www.facebook.com\/institutouniversitario.narcisobassols?fref=ts<\/a><\/td>\n<\/tr>\n<p><\/font><\/table style>\n<\/center><\/p>\n<hr>\n<p><center><strong><font size=5 color=#61197B> CECYTE <\/font><\/strong><\/center><\/p>\n<p><center><\/p>\n<table style=\"background-color:#D3D3D3\" BORDERCOLOR=#61197B>\n<font size=3 color=#61197B><\/p>\n<tr>\n<td style=\"border-color: #61197B;\"><strong>&#8230;<\/strong><\/td>\n<td style=\"border-color: #61197B;\"><font color=#61197B><strong>DATOS<\/strong><\/td>\n<\/tr>\n<tr>\n<td style=\"border-color: #61197B;\"><font color=#61197B><strong>Domicilio:<\/strong><\/td>\n<td style=\"border-color: #61197B;\"><font color=#61197B>Carretera Sur salida a Celaya Esq. Callej\u00f3n de Guani, Zona Centro, 38200 Comonfort, GTO<\/td>\n<\/tr>\n<tr>\n<td style=\"border-color: #61197B;\"><font color=#61197B><strong>Tel\u00e9fono:<\/strong><\/td>\n<td style=\"border-color: #61197B;\"><font color=#61197B>(412) 1563453 y 1563452<\/td>\n<\/tr>\n<tr>\n<td style=\"border-color: #61197B;\"><font color=#61197B><strong>Web:<\/strong><\/td>\n<td style=\"border-color: #61197B;\"><a href=\"http:\/\/www.cecyteg.edu.mx\/comonfort\/plantel_comonfort.php\" target=\"_blank\"><font color=#61197B>http:\/\/www.cecyteg.edu.mx\/comonfort\/plantel_comonfort.php<\/a><\/td>\n<\/tr>\n<tr>\n<td style=\"border-color: #61197B;\"><font color=#61197B><strong>Facebook:<\/strong><\/td>\n<td style=\"border-color: #61197B;\"><a href=\"https:\/\/www.facebook.com\/Cecyte-Guanajuato-Plantel-Comonfort-130070424004988\/?fref=ts  \" target=\"_blank\"><font color=#61197B>https:\/\/www.facebook.com\/Cecyte-Guanajuato-Plantel-Comonfort-130070424004988\/?fref=ts  <\/a><\/td>\n<\/tr>\n<p><\/font><\/table style>\n<\/center><\/p>\n<hr>\n<p><center><strong><font size=5 color=#61197B>Sistema Avanzado de Bachillerato y Educaci\u00f3n Superior (SABES)<\/font><\/strong><\/center><\/p>\n<p><center><\/p>\n<table style=\"background-color:#D3D3D3\" BORDERCOLOR=#61197B>\n<font size=3 color=#61197B><\/p>\n<tr>\n<td style=\"border-color: #61197B;\"><strong>&#8230;<\/strong><\/td>\n<td style=\"border-color: #61197B;\"><font color=#61197B><strong>DATOS<\/strong><\/td>\n<\/tr>\n<tr>\n<td style=\"border-color: #61197B;\"><font color=#61197B><strong>Domicilio:<\/strong><\/td>\n<td style=\"border-color: #61197B;\"><font color=#61197B>Arista 351. Barrio La Palma. Comonfort Guanajuato. C.P. 38203 <\/td>\n<\/tr>\n<tr>\n<td style=\"border-color: #61197B;\"><font color=#61197B><strong>Tel\u00e9fono:<\/strong><\/td>\n<td style=\"border-color: #61197B;\"><font color=#61197B> 01 412 156 3244<\/td>\n<\/tr>\n<tr>\n<td style=\"border-color: #61197B;\"><font color=#61197B><strong>Web:<\/strong><\/td>\n<td style=\"border-color: #61197B;\"><a href=\"http:\/\/portal.sabes.edu.mx\/\" target=\"_blank\"><font color=#61197B>http:\/\/portal.sabes.edu.mx\/<\/a><\/td>\n<\/tr>\n<p><\/font><\/table style>\n<\/center><\/p>\n<hr>\n<p><center><strong><font size=5 color=#61197B>Instituto Educativo Chamacuero <\/font><\/strong><\/center><\/p>\n<p><center><\/p>\n<table style=\"background-color:#D3D3D3\" BORDERCOLOR=#61197B>\n<font size=3 color=#61197B><\/p>\n<tr>\n<td style=\"border-color: #61197B;\"><strong>&#8230;<\/strong><\/td>\n<td style=\"border-color: #61197B;\"><font color=#61197B><strong>DATOS<\/strong><\/td>\n<\/tr>\n<tr>\n<td style=\"border-color: #61197B;\"><font color=#61197B><strong>Domicilio:<\/strong><\/td>\n<td style=\"border-color: #61197B;\"><font color=#61197B>Prolongaci\u00f3n Ju\u00e1rez No. 16-A, Montecillo, 38200 Comonfort, Gto.<\/td>\n<\/tr>\n<tr>\n<td style=\"border-color: #61197B;\"><font color=#61197B><strong>Tel\u00e9fono:<\/strong><\/td>\n<td style=\"border-color: #61197B;\"><font color=#61197B>01 412 157 1014<\/td>\n<\/tr>\n<tr>\n<td style=\"border-color: #61197B;\"><font color=#61197B><strong>Web:<\/strong><\/td>\n<td style=\"border-color: #61197B;\"><a href=\"https:\/\/www.google.com.mx\/#q=INSTITUTO+CHAMACUERO\" target=\"_blank\"><font color=#61197B>https:\/\/www.google.com.mx\/#q=INSTITUTO+CHAMACUERO<\/a><\/td>\n<\/tr>\n<tr>\n<td style=\"border-color: #61197B;\"><font color=#61197B><strong>Facebook:<\/strong><\/td>\n<td style=\"border-color: #61197B;\"><a href=\"https:\/\/www.facebook.com\/Instituto-Educativo-Chamacuero-517309754961816\/\" target=\"_blank\"><font color=#61197B>https:\/\/www.facebook.com\/Instituto-Educativo-Chamacuero-517309754961816\/<\/a><\/td>\n<\/tr>\n<p><\/font><\/table style>\n<\/center><\/p>\n","protected":false},"excerpt":{"rendered":"<p>Universidad SABES &#8211; UNIDEG &#8230; DATOS Domicilio: Calle Camino Real #6, Barrio Melgarito, C.P. 38200, Comonfort, Gto. \u00abA un costado de Presidencia Municipal\u00bb Tel\u00e9fono: 01 (412) 158-0323 y 158-0322 Contacto: Lic. Barbara Rodr\u00edguez Garc\u00eda, Especialista Administrativo Correo: barbara.rodriguezg@sabes.edu.mx \/ unideg.comonfort@sabes.edu.mx Horario: 08:00 a 18:00 hrs. de Martes a Viernes, 08:00 a 16:00 Hrs S\u00e1bado Web: [&hellip;]<\/p>\n","protected":false},"author":1,"featured_media":0,"parent":0,"menu_order":0,"comment_status":"closed","ping_status":"closed","template":"fullwidth.php","meta":{"saved_in_kubio":false,"_eb_attr":"","footnotes":""},"kubio_ai_page_context":{"short_desc":"","purpose":"general"},"yoast_head":"<!-- This site is optimized with the Yoast SEO plugin v24.3 - https:\/\/yoast.com\/wordpress\/plugins\/seo\/ -->\n<title>Instituciones Educativas de Comonfort -<\/title>\n<meta name=\"robots\" content=\"index, follow, max-snippet:-1, max-image-preview:large, max-video-preview:-1\" \/>\n<link rel=\"canonical\" href=\"https:\/\/www.comonfort.gob.mx\/sitio\/instituciones-educativas\/\" \/>\n<meta property=\"og:locale\" content=\"es_ES\" \/>\n<meta property=\"og:type\" content=\"article\" \/>\n<meta property=\"og:title\" content=\"Instituciones Educativas de Comonfort -\" \/>\n<meta property=\"og:description\" content=\"Universidad SABES &#8211; UNIDEG &#8230; DATOS Domicilio: Calle Camino Real #6, Barrio Melgarito, C.P. 38200, Comonfort, Gto. \u00abA un costado de Presidencia Municipal\u00bb Tel\u00e9fono: 01 (412) 158-0323 y 158-0322 Contacto: Lic. Barbara Rodr\u00edguez Garc\u00eda, Especialista Administrativo Correo: barbara.rodriguezg@sabes.edu.mx \/ unideg.comonfort@sabes.edu.mx Horario: 08:00 a 18:00 hrs. de Martes a Viernes, 08:00 a 16:00 Hrs S\u00e1bado Web: [&hellip;]\" \/>\n<meta property=\"og:url\" content=\"https:\/\/www.comonfort.gob.mx\/sitio\/instituciones-educativas\/\" \/>\n<meta property=\"article:publisher\" content=\"https:\/\/www.facebook.com\/Gobierno-de-Comonfort-2018-2021-771384679654142\/\" \/>\n<meta property=\"article:modified_time\" content=\"2016-05-23T18:40:47+00:00\" \/>\n<meta property=\"og:image\" content=\"https:\/\/www.comonfort.gob.mx\/sitio\/wp-content\/uploads\/2016\/01\/sabes-1-213x300.png\" \/>\n<meta name=\"twitter:card\" content=\"summary_large_image\" \/>\n<meta name=\"twitter:site\" content=\"@GobComonfort\" \/>\n<meta name=\"twitter:label1\" content=\"Tiempo de lectura\" \/>\n\t<meta name=\"twitter:data1\" content=\"1 minuto\" \/>\n<script type=\"application\/ld+json\" class=\"yoast-schema-graph\">{\"@context\":\"https:\/\/schema.org\",\"@graph\":[{\"@type\":\"WebPage\",\"@id\":\"https:\/\/www.comonfort.gob.mx\/sitio\/instituciones-educativas\/\",\"url\":\"https:\/\/www.comonfort.gob.mx\/sitio\/instituciones-educativas\/\",\"name\":\"Instituciones Educativas de Comonfort -\",\"isPartOf\":{\"@id\":\"https:\/\/www.comonfort.gob.mx\/sitio\/#website\"},\"primaryImageOfPage\":{\"@id\":\"https:\/\/www.comonfort.gob.mx\/sitio\/instituciones-educativas\/#primaryimage\"},\"image\":{\"@id\":\"https:\/\/www.comonfort.gob.mx\/sitio\/instituciones-educativas\/#primaryimage\"},\"thumbnailUrl\":\"https:\/\/www.comonfort.gob.mx\/sitio\/wp-content\/uploads\/2016\/01\/sabes-1-213x300.png\",\"datePublished\":\"2016-01-11T05:34:57+00:00\",\"dateModified\":\"2016-05-23T18:40:47+00:00\",\"breadcrumb\":{\"@id\":\"https:\/\/www.comonfort.gob.mx\/sitio\/instituciones-educativas\/#breadcrumb\"},\"inLanguage\":\"es\",\"potentialAction\":[{\"@type\":\"ReadAction\",\"target\":[\"https:\/\/www.comonfort.gob.mx\/sitio\/instituciones-educativas\/\"]}]},{\"@type\":\"ImageObject\",\"inLanguage\":\"es\",\"@id\":\"https:\/\/www.comonfort.gob.mx\/sitio\/instituciones-educativas\/#primaryimage\",\"url\":\"https:\/\/www.comonfort.gob.mx\/sitio\/wp-content\/uploads\/2016\/01\/sabes-1.png\",\"contentUrl\":\"https:\/\/www.comonfort.gob.mx\/sitio\/wp-content\/uploads\/2016\/01\/sabes-1.png\",\"width\":376,\"height\":530},{\"@type\":\"BreadcrumbList\",\"@id\":\"https:\/\/www.comonfort.gob.mx\/sitio\/instituciones-educativas\/#breadcrumb\",\"itemListElement\":[{\"@type\":\"ListItem\",\"position\":1,\"name\":\"Portada\",\"item\":\"https:\/\/www.comonfort.gob.mx\/sitio\/\"},{\"@type\":\"ListItem\",\"position\":2,\"name\":\"Instituciones Educativas de Comonfort\"}]},{\"@type\":\"WebSite\",\"@id\":\"https:\/\/www.comonfort.gob.mx\/sitio\/#website\",\"url\":\"https:\/\/www.comonfort.gob.mx\/sitio\/\",\"name\":\"Presidencia Municipal de Comonfort, Gto.\",\"description\":\"\",\"publisher\":{\"@id\":\"https:\/\/www.comonfort.gob.mx\/sitio\/#organization\"},\"potentialAction\":[{\"@type\":\"SearchAction\",\"target\":{\"@type\":\"EntryPoint\",\"urlTemplate\":\"https:\/\/www.comonfort.gob.mx\/sitio\/?s={search_term_string}\"},\"query-input\":{\"@type\":\"PropertyValueSpecification\",\"valueRequired\":true,\"valueName\":\"search_term_string\"}}],\"inLanguage\":\"es\"},{\"@type\":\"Organization\",\"@id\":\"https:\/\/www.comonfort.gob.mx\/sitio\/#organization\",\"name\":\"Presidencia Municipal de Comonfort, Gto.\",\"url\":\"https:\/\/www.comonfort.gob.mx\/sitio\/\",\"logo\":{\"@type\":\"ImageObject\",\"inLanguage\":\"es\",\"@id\":\"https:\/\/www.comonfort.gob.mx\/sitio\/#\/schema\/logo\/image\/\",\"url\":\"https:\/\/www.comonfort.gob.mx\/sitio\/wp-content\/uploads\/2020\/11\/logo-comonfort-c.png\",\"contentUrl\":\"https:\/\/www.comonfort.gob.mx\/sitio\/wp-content\/uploads\/2020\/11\/logo-comonfort-c.png\",\"width\":326,\"height\":348,\"caption\":\"Presidencia Municipal de Comonfort, Gto.\"},\"image\":{\"@id\":\"https:\/\/www.comonfort.gob.mx\/sitio\/#\/schema\/logo\/image\/\"},\"sameAs\":[\"https:\/\/www.facebook.com\/Gobierno-de-Comonfort-2018-2021-771384679654142\/\",\"https:\/\/x.com\/GobComonfort\",\"https:\/\/www.instagram.com\/gobiernocomonfort_oficial\/\",\"https:\/\/www.linkedin.com\/in\/gobierno-de-comonfort-380b251aa\"]}]}<\/script>\n<!-- \/ Yoast SEO plugin. -->","yoast_head_json":{"title":"Instituciones Educativas de Comonfort -","robots":{"index":"index","follow":"follow","max-snippet":"max-snippet:-1","max-image-preview":"max-image-preview:large","max-video-preview":"max-video-preview:-1"},"canonical":"https:\/\/www.comonfort.gob.mx\/sitio\/instituciones-educativas\/","og_locale":"es_ES","og_type":"article","og_title":"Instituciones Educativas de Comonfort -","og_description":"Universidad SABES &#8211; UNIDEG &#8230; DATOS Domicilio: Calle Camino Real #6, Barrio Melgarito, C.P. 38200, Comonfort, Gto. \u00abA un costado de Presidencia Municipal\u00bb Tel\u00e9fono: 01 (412) 158-0323 y 158-0322 Contacto: Lic. Barbara Rodr\u00edguez Garc\u00eda, Especialista Administrativo Correo: barbara.rodriguezg@sabes.edu.mx \/ unideg.comonfort@sabes.edu.mx Horario: 08:00 a 18:00 hrs. de Martes a Viernes, 08:00 a 16:00 Hrs S\u00e1bado Web: [&hellip;]","og_url":"https:\/\/www.comonfort.gob.mx\/sitio\/instituciones-educativas\/","article_publisher":"https:\/\/www.facebook.com\/Gobierno-de-Comonfort-2018-2021-771384679654142\/","article_modified_time":"2016-05-23T18:40:47+00:00","og_image":[{"url":"https:\/\/www.comonfort.gob.mx\/sitio\/wp-content\/uploads\/2016\/01\/sabes-1-213x300.png","type":"","width":"","height":""}],"twitter_card":"summary_large_image","twitter_site":"@GobComonfort","twitter_misc":{"Tiempo de lectura":"1 minuto"},"schema":{"@context":"https:\/\/schema.org","@graph":[{"@type":"WebPage","@id":"https:\/\/www.comonfort.gob.mx\/sitio\/instituciones-educativas\/","url":"https:\/\/www.comonfort.gob.mx\/sitio\/instituciones-educativas\/","name":"Instituciones Educativas de Comonfort -","isPartOf":{"@id":"https:\/\/www.comonfort.gob.mx\/sitio\/#website"},"primaryImageOfPage":{"@id":"https:\/\/www.comonfort.gob.mx\/sitio\/instituciones-educativas\/#primaryimage"},"image":{"@id":"https:\/\/www.comonfort.gob.mx\/sitio\/instituciones-educativas\/#primaryimage"},"thumbnailUrl":"https:\/\/www.comonfort.gob.mx\/sitio\/wp-content\/uploads\/2016\/01\/sabes-1-213x300.png","datePublished":"2016-01-11T05:34:57+00:00","dateModified":"2016-05-23T18:40:47+00:00","breadcrumb":{"@id":"https:\/\/www.comonfort.gob.mx\/sitio\/instituciones-educativas\/#breadcrumb"},"inLanguage":"es","potentialAction":[{"@type":"ReadAction","target":["https:\/\/www.comonfort.gob.mx\/sitio\/instituciones-educativas\/"]}]},{"@type":"ImageObject","inLanguage":"es","@id":"https:\/\/www.comonfort.gob.mx\/sitio\/instituciones-educativas\/#primaryimage","url":"https:\/\/www.comonfort.gob.mx\/sitio\/wp-content\/uploads\/2016\/01\/sabes-1.png","contentUrl":"https:\/\/www.comonfort.gob.mx\/sitio\/wp-content\/uploads\/2016\/01\/sabes-1.png","width":376,"height":530},{"@type":"BreadcrumbList","@id":"https:\/\/www.comonfort.gob.mx\/sitio\/instituciones-educativas\/#breadcrumb","itemListElement":[{"@type":"ListItem","position":1,"name":"Portada","item":"https:\/\/www.comonfort.gob.mx\/sitio\/"},{"@type":"ListItem","position":2,"name":"Instituciones Educativas de Comonfort"}]},{"@type":"WebSite","@id":"https:\/\/www.comonfort.gob.mx\/sitio\/#website","url":"https:\/\/www.comonfort.gob.mx\/sitio\/","name":"Presidencia Municipal de Comonfort, Gto.","description":"","publisher":{"@id":"https:\/\/www.comonfort.gob.mx\/sitio\/#organization"},"potentialAction":[{"@type":"SearchAction","target":{"@type":"EntryPoint","urlTemplate":"https:\/\/www.comonfort.gob.mx\/sitio\/?s={search_term_string}"},"query-input":{"@type":"PropertyValueSpecification","valueRequired":true,"valueName":"search_term_string"}}],"inLanguage":"es"},{"@type":"Organization","@id":"https:\/\/www.comonfort.gob.mx\/sitio\/#organization","name":"Presidencia Municipal de Comonfort, Gto.","url":"https:\/\/www.comonfort.gob.mx\/sitio\/","logo":{"@type":"ImageObject","inLanguage":"es","@id":"https:\/\/www.comonfort.gob.mx\/sitio\/#\/schema\/logo\/image\/","url":"https:\/\/www.comonfort.gob.mx\/sitio\/wp-content\/uploads\/2020\/11\/logo-comonfort-c.png","contentUrl":"https:\/\/www.comonfort.gob.mx\/sitio\/wp-content\/uploads\/2020\/11\/logo-comonfort-c.png","width":326,"height":348,"caption":"Presidencia Municipal de Comonfort, Gto."},"image":{"@id":"https:\/\/www.comonfort.gob.mx\/sitio\/#\/schema\/logo\/image\/"},"sameAs":["https:\/\/www.facebook.com\/Gobierno-de-Comonfort-2018-2021-771384679654142\/","https:\/\/x.com\/GobComonfort","https:\/\/www.instagram.com\/gobiernocomonfort_oficial\/","https:\/\/www.linkedin.com\/in\/gobierno-de-comonfort-380b251aa"]}]}},"_links":{"self":[{"href":"https:\/\/www.comonfort.gob.mx\/sitio\/wp-json\/wp\/v2\/pages\/451"}],"collection":[{"href":"https:\/\/www.comonfort.gob.mx\/sitio\/wp-json\/wp\/v2\/pages"}],"about":[{"href":"https:\/\/www.comonfort.gob.mx\/sitio\/wp-json\/wp\/v2\/types\/page"}],"author":[{"embeddable":true,"href":"https:\/\/www.comonfort.gob.mx\/sitio\/wp-json\/wp\/v2\/users\/1"}],"replies":[{"embeddable":true,"href":"https:\/\/www.comonfort.gob.mx\/sitio\/wp-json\/wp\/v2\/comments?post=451"}],"version-history":[{"count":40,"href":"https:\/\/www.comonfort.gob.mx\/sitio\/wp-json\/wp\/v2\/pages\/451\/revisions"}],"predecessor-version":[{"id":1816,"href":"https:\/\/www.comonfort.gob.mx\/sitio\/wp-json\/wp\/v2\/pages\/451\/revisions\/1816"}],"wp:attachment":[{"href":"https:\/\/www.comonfort.gob.mx\/sitio\/wp-json\/wp\/v2\/media?parent=451"}],"curies":[{"name":"wp","href":"https:\/\/api.w.org\/{rel}","templated":true}]}}