{"id":235,"date":"2015-12-22T09:13:45","date_gmt":"2015-12-22T15:13:45","guid":{"rendered":"http:\/\/www.comonfort.gob.mx\/ppp\/?page_id=235"},"modified":"2025-08-25T12:37:00","modified_gmt":"2025-08-25T18:37:00","slug":"tesoreria","status":"publish","type":"page","link":"https:\/\/www.comonfort.gob.mx\/sitio\/tesoreria\/","title":{"rendered":"Tesorer\u00eda"},"content":{"rendered":"<div id=\"fb-root\"><\/div>\n\t\t<div data-elementor-type=\"wp-page\" data-elementor-id=\"235\" class=\"elementor elementor-235\">\n\t\t\t\t\t\t<section class=\"elementor-section elementor-top-section elementor-element elementor-element-3b9c8610 elementor-section-boxed elementor-section-height-default elementor-section-height-default elementor-invisible\" data-id=\"3b9c8610\" data-element_type=\"section\" data-settings=\"{&quot;animation&quot;:&quot;pulse&quot;}\">\n\t\t\t\t\t\t\t<div class=\"elementor-background-overlay\"><\/div>\n\t\t\t\t\t\t\t<div class=\"elementor-container elementor-column-gap-default\">\n\t\t\t\t\t<div class=\"elementor-column elementor-col-100 elementor-top-column elementor-element elementor-element-7c4c8af\" data-id=\"7c4c8af\" data-element_type=\"column\">\n\t\t\t<div class=\"elementor-widget-wrap elementor-element-populated\">\n\t\t\t\t\t\t<div class=\"elementor-element elementor-element-748110a6 elementor-invisible elementor-widget elementor-widget-text-editor\" data-id=\"748110a6\" data-element_type=\"widget\" data-settings=\"{&quot;_animation&quot;:&quot;pulse&quot;}\" data-widget_type=\"text-editor.default\">\n\t\t\t\t<div class=\"elementor-widget-container\">\n\t\t\t\t\t\t\t\t\t<p><\/p>\n<p><style>\n.organigrama{\n    border-collapse: collapse;\n    width: 60%;\n    font-family: Helvetica, \"Trebuchet MS\", Arial, sans-serif;\n    font-size:100%;\"\n}\n.organigrama td, .organigrama th {\n    text-align: left;\n    padding: 8px;\n}\n.organigrama tr:nth-child(even){background-color: #f2f2f2}\n.organigrama th {\n    background-color: #800040;\n    color: white;\n}\n\n@media only screen and (min-width: 769px) { .imgorganigrama{ width:20%; height: auto; border-radius: 20px; border:10px solid #D3D3D2; max-width: 100%; } }\n@media (max-width:768px){ .imgorganigrama{ width:50%; height: auto; border-radius: 20px; border:5px solid #D3D3D2; max-width: 100%; } }\n@media (max-width:320px){ .imgorganigrama{ width:80%; height: auto; border-radius: 20px; border:5px solid #D3D3D2; max-width: 100%; } }\n\n<\/style><\/p>\n<div align=\"center\">\n<h2><strong style=\"color: #595959;\">Tesorer\u00eda Municipal<\/strong><\/h2>\n<table class=\"organigrama\">\n<tbody>\n<tr>\n<th><strong>&#8230;<\/strong><\/th>\n<th>Datos<\/th>\n<\/tr>\n<tr>\n<td>Titular:<\/td>\n<td>C.P. Araceli \u00c1lvarez Pescador<\/td>\n<\/tr>\n<tr>\n<td>Domicilio:<\/td>\n<td><a href=\"https:\/\/maps.app.goo.gl\/QeoD525yidq47CHh7\">Calle Camino Real #4, Barrio del Melgarito<br \/>Comonfort, Gto., C.P. 38200<\/a><\/td>\n<\/tr>\n<tr>\n<td>Tel\u00e9fono:<\/td>\n<td><a href=\"tel: +52 412 232 4801\">412 232 4801<\/a> Ext. 130<\/td>\n<\/tr>\n<tr>\n<td>Correo:<\/td>\n<td><a href=\"mailto:tesoreria.mpal@comonfort.gob.mx\">tesoreria.mpal@comonfort.gob.mx<\/a><\/td>\n<\/tr>\n<tr>\n<td>Horario:<\/td>\n<td>Lunes &#8211; Viernes de 9:00 A.M. a 4:00 P.M.<\/td>\n<\/tr>\n<\/tbody>\n<\/table>\n<p><a href=\"https:\/\/www.comonfort.gob.mx\/sitio\/tramites-y-servicios\/tys-tesoreria\/#quadmenu\">Tr\u00e1mites y Servicios de Tesorer\u00eda Municipal<\/a><\/p>\n<\/div>\t\t\t\t\t\t\t\t<\/div>\n\t\t\t\t<\/div>\n\t\t\t\t\t<\/div>\n\t\t<\/div>\n\t\t\t\t\t<\/div>\n\t\t<\/section>\n\t\t\t\t<\/div>\n\t\t","protected":false},"excerpt":{"rendered":"<p>Tesorer\u00eda Municipal &#8230; Datos Titular: C.P. Araceli \u00c1lvarez Pescador Domicilio: Calle Camino Real #4, Barrio del MelgaritoComonfort, Gto., C.P. 38200 Tel\u00e9fono: 412 232 4801 Ext. 130 Correo: tesoreria.mpal@comonfort.gob.mx Horario: Lunes &#8211; Viernes de 9:00 A.M. a 4:00 P.M. Tr\u00e1mites y Servicios de Tesorer\u00eda Municipal<\/p>\n","protected":false},"author":1,"featured_media":0,"parent":0,"menu_order":0,"comment_status":"closed","ping_status":"closed","template":"","meta":{"saved_in_kubio":false,"_eb_attr":"","footnotes":""},"kubio_ai_page_context":{"short_desc":"","purpose":"general"},"yoast_head":"<!-- This site is optimized with the Yoast SEO plugin v24.3 - https:\/\/yoast.com\/wordpress\/plugins\/seo\/ -->\n<title>Tesorer\u00eda -<\/title>\n<meta name=\"robots\" content=\"index, follow, max-snippet:-1, max-image-preview:large, max-video-preview:-1\" \/>\n<link rel=\"canonical\" href=\"https:\/\/www.comonfort.gob.mx\/sitio\/tesoreria\/\" \/>\n<meta property=\"og:locale\" content=\"es_ES\" \/>\n<meta property=\"og:type\" content=\"article\" \/>\n<meta property=\"og:title\" content=\"Tesorer\u00eda -\" \/>\n<meta property=\"og:description\" content=\"Tesorer\u00eda Municipal &#8230; Datos Titular: C.P. Araceli \u00c1lvarez Pescador Domicilio: Calle Camino Real #4, Barrio del MelgaritoComonfort, Gto., C.P. 38200 Tel\u00e9fono: 412 232 4801 Ext. 130 Correo: tesoreria.mpal@comonfort.gob.mx Horario: Lunes &#8211; Viernes de 9:00 A.M. a 4:00 P.M. Tr\u00e1mites y Servicios de Tesorer\u00eda Municipal\" \/>\n<meta property=\"og:url\" content=\"https:\/\/www.comonfort.gob.mx\/sitio\/tesoreria\/\" \/>\n<meta property=\"article:publisher\" content=\"https:\/\/www.facebook.com\/Gobierno-de-Comonfort-2018-2021-771384679654142\/\" \/>\n<meta property=\"article:modified_time\" content=\"2025-08-25T18:37:00+00:00\" \/>\n<meta name=\"twitter:card\" content=\"summary_large_image\" \/>\n<meta name=\"twitter:site\" content=\"@GobComonfort\" \/>\n<meta name=\"twitter:label1\" content=\"Tiempo de lectura\" \/>\n\t<meta name=\"twitter:data1\" content=\"1 minuto\" \/>\n<script type=\"application\/ld+json\" class=\"yoast-schema-graph\">{\"@context\":\"https:\/\/schema.org\",\"@graph\":[{\"@type\":\"WebPage\",\"@id\":\"https:\/\/www.comonfort.gob.mx\/sitio\/tesoreria\/\",\"url\":\"https:\/\/www.comonfort.gob.mx\/sitio\/tesoreria\/\",\"name\":\"Tesorer\u00eda -\",\"isPartOf\":{\"@id\":\"https:\/\/www.comonfort.gob.mx\/sitio\/#website\"},\"datePublished\":\"2015-12-22T15:13:45+00:00\",\"dateModified\":\"2025-08-25T18:37:00+00:00\",\"breadcrumb\":{\"@id\":\"https:\/\/www.comonfort.gob.mx\/sitio\/tesoreria\/#breadcrumb\"},\"inLanguage\":\"es\",\"potentialAction\":[{\"@type\":\"ReadAction\",\"target\":[\"https:\/\/www.comonfort.gob.mx\/sitio\/tesoreria\/\"]}]},{\"@type\":\"BreadcrumbList\",\"@id\":\"https:\/\/www.comonfort.gob.mx\/sitio\/tesoreria\/#breadcrumb\",\"itemListElement\":[{\"@type\":\"ListItem\",\"position\":1,\"name\":\"Portada\",\"item\":\"https:\/\/www.comonfort.gob.mx\/sitio\/\"},{\"@type\":\"ListItem\",\"position\":2,\"name\":\"Tesorer\u00eda\"}]},{\"@type\":\"WebSite\",\"@id\":\"https:\/\/www.comonfort.gob.mx\/sitio\/#website\",\"url\":\"https:\/\/www.comonfort.gob.mx\/sitio\/\",\"name\":\"Presidencia Municipal de Comonfort, Gto.\",\"description\":\"\",\"publisher\":{\"@id\":\"https:\/\/www.comonfort.gob.mx\/sitio\/#organization\"},\"potentialAction\":[{\"@type\":\"SearchAction\",\"target\":{\"@type\":\"EntryPoint\",\"urlTemplate\":\"https:\/\/www.comonfort.gob.mx\/sitio\/?s={search_term_string}\"},\"query-input\":{\"@type\":\"PropertyValueSpecification\",\"valueRequired\":true,\"valueName\":\"search_term_string\"}}],\"inLanguage\":\"es\"},{\"@type\":\"Organization\",\"@id\":\"https:\/\/www.comonfort.gob.mx\/sitio\/#organization\",\"name\":\"Presidencia Municipal de Comonfort, Gto.\",\"url\":\"https:\/\/www.comonfort.gob.mx\/sitio\/\",\"logo\":{\"@type\":\"ImageObject\",\"inLanguage\":\"es\",\"@id\":\"https:\/\/www.comonfort.gob.mx\/sitio\/#\/schema\/logo\/image\/\",\"url\":\"https:\/\/www.comonfort.gob.mx\/sitio\/wp-content\/uploads\/2020\/11\/logo-comonfort-c.png\",\"contentUrl\":\"https:\/\/www.comonfort.gob.mx\/sitio\/wp-content\/uploads\/2020\/11\/logo-comonfort-c.png\",\"width\":326,\"height\":348,\"caption\":\"Presidencia Municipal de Comonfort, Gto.\"},\"image\":{\"@id\":\"https:\/\/www.comonfort.gob.mx\/sitio\/#\/schema\/logo\/image\/\"},\"sameAs\":[\"https:\/\/www.facebook.com\/Gobierno-de-Comonfort-2018-2021-771384679654142\/\",\"https:\/\/x.com\/GobComonfort\",\"https:\/\/www.instagram.com\/gobiernocomonfort_oficial\/\",\"https:\/\/www.linkedin.com\/in\/gobierno-de-comonfort-380b251aa\"]}]}<\/script>\n<!-- \/ Yoast SEO plugin. -->","yoast_head_json":{"title":"Tesorer\u00eda -","robots":{"index":"index","follow":"follow","max-snippet":"max-snippet:-1","max-image-preview":"max-image-preview:large","max-video-preview":"max-video-preview:-1"},"canonical":"https:\/\/www.comonfort.gob.mx\/sitio\/tesoreria\/","og_locale":"es_ES","og_type":"article","og_title":"Tesorer\u00eda -","og_description":"Tesorer\u00eda Municipal &#8230; Datos Titular: C.P. Araceli \u00c1lvarez Pescador Domicilio: Calle Camino Real #4, Barrio del MelgaritoComonfort, Gto., C.P. 38200 Tel\u00e9fono: 412 232 4801 Ext. 130 Correo: tesoreria.mpal@comonfort.gob.mx Horario: Lunes &#8211; Viernes de 9:00 A.M. a 4:00 P.M. Tr\u00e1mites y Servicios de Tesorer\u00eda Municipal","og_url":"https:\/\/www.comonfort.gob.mx\/sitio\/tesoreria\/","article_publisher":"https:\/\/www.facebook.com\/Gobierno-de-Comonfort-2018-2021-771384679654142\/","article_modified_time":"2025-08-25T18:37:00+00:00","twitter_card":"summary_large_image","twitter_site":"@GobComonfort","twitter_misc":{"Tiempo de lectura":"1 minuto"},"schema":{"@context":"https:\/\/schema.org","@graph":[{"@type":"WebPage","@id":"https:\/\/www.comonfort.gob.mx\/sitio\/tesoreria\/","url":"https:\/\/www.comonfort.gob.mx\/sitio\/tesoreria\/","name":"Tesorer\u00eda -","isPartOf":{"@id":"https:\/\/www.comonfort.gob.mx\/sitio\/#website"},"datePublished":"2015-12-22T15:13:45+00:00","dateModified":"2025-08-25T18:37:00+00:00","breadcrumb":{"@id":"https:\/\/www.comonfort.gob.mx\/sitio\/tesoreria\/#breadcrumb"},"inLanguage":"es","potentialAction":[{"@type":"ReadAction","target":["https:\/\/www.comonfort.gob.mx\/sitio\/tesoreria\/"]}]},{"@type":"BreadcrumbList","@id":"https:\/\/www.comonfort.gob.mx\/sitio\/tesoreria\/#breadcrumb","itemListElement":[{"@type":"ListItem","position":1,"name":"Portada","item":"https:\/\/www.comonfort.gob.mx\/sitio\/"},{"@type":"ListItem","position":2,"name":"Tesorer\u00eda"}]},{"@type":"WebSite","@id":"https:\/\/www.comonfort.gob.mx\/sitio\/#website","url":"https:\/\/www.comonfort.gob.mx\/sitio\/","name":"Presidencia Municipal de Comonfort, Gto.","description":"","publisher":{"@id":"https:\/\/www.comonfort.gob.mx\/sitio\/#organization"},"potentialAction":[{"@type":"SearchAction","target":{"@type":"EntryPoint","urlTemplate":"https:\/\/www.comonfort.gob.mx\/sitio\/?s={search_term_string}"},"query-input":{"@type":"PropertyValueSpecification","valueRequired":true,"valueName":"search_term_string"}}],"inLanguage":"es"},{"@type":"Organization","@id":"https:\/\/www.comonfort.gob.mx\/sitio\/#organization","name":"Presidencia Municipal de Comonfort, Gto.","url":"https:\/\/www.comonfort.gob.mx\/sitio\/","logo":{"@type":"ImageObject","inLanguage":"es","@id":"https:\/\/www.comonfort.gob.mx\/sitio\/#\/schema\/logo\/image\/","url":"https:\/\/www.comonfort.gob.mx\/sitio\/wp-content\/uploads\/2020\/11\/logo-comonfort-c.png","contentUrl":"https:\/\/www.comonfort.gob.mx\/sitio\/wp-content\/uploads\/2020\/11\/logo-comonfort-c.png","width":326,"height":348,"caption":"Presidencia Municipal de Comonfort, Gto."},"image":{"@id":"https:\/\/www.comonfort.gob.mx\/sitio\/#\/schema\/logo\/image\/"},"sameAs":["https:\/\/www.facebook.com\/Gobierno-de-Comonfort-2018-2021-771384679654142\/","https:\/\/x.com\/GobComonfort","https:\/\/www.instagram.com\/gobiernocomonfort_oficial\/","https:\/\/www.linkedin.com\/in\/gobierno-de-comonfort-380b251aa"]}]}},"_links":{"self":[{"href":"https:\/\/www.comonfort.gob.mx\/sitio\/wp-json\/wp\/v2\/pages\/235"}],"collection":[{"href":"https:\/\/www.comonfort.gob.mx\/sitio\/wp-json\/wp\/v2\/pages"}],"about":[{"href":"https:\/\/www.comonfort.gob.mx\/sitio\/wp-json\/wp\/v2\/types\/page"}],"author":[{"embeddable":true,"href":"https:\/\/www.comonfort.gob.mx\/sitio\/wp-json\/wp\/v2\/users\/1"}],"replies":[{"embeddable":true,"href":"https:\/\/www.comonfort.gob.mx\/sitio\/wp-json\/wp\/v2\/comments?post=235"}],"version-history":[{"count":27,"href":"https:\/\/www.comonfort.gob.mx\/sitio\/wp-json\/wp\/v2\/pages\/235\/revisions"}],"predecessor-version":[{"id":20445,"href":"https:\/\/www.comonfort.gob.mx\/sitio\/wp-json\/wp\/v2\/pages\/235\/revisions\/20445"}],"wp:attachment":[{"href":"https:\/\/www.comonfort.gob.mx\/sitio\/wp-json\/wp\/v2\/media?parent=235"}],"curies":[{"name":"wp","href":"https:\/\/api.w.org\/{rel}","templated":true}]}}