{"id":1368,"date":"2016-04-29T11:35:25","date_gmt":"2016-04-29T17:35:25","guid":{"rendered":"http:\/\/www.comonfort.gob.mx\/ppp\/?page_id=1368"},"modified":"2025-02-04T09:53:16","modified_gmt":"2025-02-04T15:53:16","slug":"fraccion36","status":"publish","type":"page","link":"https:\/\/www.comonfort.gob.mx\/sitio\/transparencia\/fraccion36\/","title":{"rendered":"Fracci\u00f3n XXXVI Resoluciones y laudos"},"content":{"rendered":"<div id=\"fb-root\"><\/div>\n<style>\n.responsive-tabs .responsive-tabs__list__item {font-size: 14px !important;}\n.table-wordpress table {\n\/*    border-collapse: separate;\n    border-spacing: 15px;*\/\n    width: 50%;\n    border-color: #ececec;\n    border-left: none;\n    border-style: none solid solid none;\n    border-top: medium none;\n    border-width: medium 1px 1px medium;\n    font-size: 14px;\n    padding: 10px;\n}\n.table-wordpress thead {background-color:#BDBDBD; color:#000;}\n.table-wordpress th{\npadding: 10px;\ntext-align: center !important;\ncolor:#FFF;\nbackground-color: #C22E24;\n}\n.table-wordpress tr {\n    display: table-row;\n    vertical-align: inherit;\n    border-color: inherit;\n}\n.table-wordpress td {\n    padding: 10px;\n    color:#000;\n  width: 4rem;\n  height: 2rem;\n  border: 1px solid #D8D8D8;\n  text-align: center;\n  vertical-align: middle;\n}\n.table-wordpress img{\n  margin-bottom: 0px;\n  width: 25px; \n  height: 25px;\n  max-width: 25px;\n}\np {padding:0px; margin:0px;}\n.table-wordpress tr:nth-child(even){background-color: #f2f2f2}\n.table-wordpress tr:hover {\n  background: #BEBEBE;\n}\n.leyenda{width: 85%; text-align : justify;}\n.leyenda span{font-family: Verdana, Geneva; font-size: 14px;}\n<\/style>\n<div align=\"center\">\n<div class=\"leyenda\"><span><b><strong>Fracci\u00f3n XXXVI<\/strong><\/b>. Las resoluciones y laudos que se emitan en procesos o procedimientos seguidos en forma de juicio.<\/span><br \/>\n<br \/><span><b><strong>Periodo de Conservaci\u00f3n:<\/strong><\/b> Informaci\u00f3n del ejercicio en curso y la correspondiente al ejercicio anterior.<\/span><br \/>\n<br \/><span><b><strong>Per\u00edodo de Actualizaci\u00f3n:<\/strong><\/b> Trimestral.<\/span>\n<\/div>\n<\/div>\n<span class=\"collapseomatic \" id=\"id69ef8f9653f72\"  tabindex=\"0\" alt=\"ADMINISTRACI\u00d3N CENTRALIZADA\" title=\"ADMINISTRACI\u00d3N CENTRALIZADA\"    ><center><font size=6 color=#BE3024><img src='http:\/\/www.comonfort.gob.mx\/sitio\/img\/logo-admin-centralizada-mas.png' style='width: 20%; height: auto;'\/><\/font><\/center><\/span><span id='swap-id69ef8f9653f72'  class='colomat-swap' style='display:none;'><center><font size=6 color=#BE3024><img src='http:\/\/www.comonfort.gob.mx\/sitio\/img\/logo-admin-centralizada-menos.png' style='width: 20%; height: auto;'\/><\/font><\/center><\/span><div id=\"target-id69ef8f9653f72\" class=\"collapseomatic_content \">\n<div align=\"center\" class=\"table-wordpress\" style=\"overflow-x: auto;\">\n<table align=\"center\">\n<div class=\"thead\">\n<tr>\n<th style=\"width: 250px;\">Ejercicio<\/th>\n<th>1er Trim.<\/th>\n<th>2do Trim.<\/th>\n<th>3er Trim.<\/th>\n<th>4to Trim.<\/th>\n<\/tr>\n<\/div>\n<div class=\"tbody\">\n<tr>\n<td>2024<\/td>\n<td><a href=\"https:\/\/docs.google.com\/spreadsheets\/d\/1pq_us7vAijwiVHB3f0lBCRILuGOPrJQz\/edit?usp=sharing&#038;ouid=114424200181983449612&#038;rtpof=true&#038;sd=true\" target=\"_blank\" title=\"Abrir en una nueva pesta\u00f1a\" rel=\"noopener\"><img decoding=\"async\" src=\"http:\/\/www.comonfort.gob.mx\/sitio\/img\/xls.png\"><\/a>\n\t\t<\/td>\n<td><a href=\"https:\/\/docs.google.com\/spreadsheets\/d\/11sGPviiX1g7y5Yt7tAzmUIIkfrwbeP8x\/edit?usp=sharing&#038;ouid=114424200181983449612&#038;rtpof=true&#038;sd=true\" target=\"_blank\" title=\"Abrir en una nueva pesta\u00f1a\" rel=\"noopener\"><img decoding=\"async\" src=\"http:\/\/www.comonfort.gob.mx\/sitio\/img\/xls.png\"><\/a>\n\t\t<\/td>\n<td><a href=\"https:\/\/docs.google.com\/spreadsheets\/d\/1ErnKZSegYk0MiUCjVMLlvOjeUmFR2FOu\/edit?usp=drive_link&#038;ouid=114424200181983449612&#038;rtpof=true&#038;sd=true\" target=\"_blank\" title=\"Abrir en una nueva pesta\u00f1a\" rel=\"noopener\"><img decoding=\"async\" src=\"http:\/\/www.comonfort.gob.mx\/sitio\/img\/xls.png\"><\/a>\n\t\t<\/td>\n<td><a href=\"https:\/\/docs.google.com\/spreadsheets\/d\/143SPnDe0eyfFeW64qZy8QRCj9tKoTajs\/edit?usp=drive_link&#038;ouid=114424200181983449612&#038;rtpof=true&#038;sd=true\" target=\"_blank\" title=\"Abrir en una nueva pesta\u00f1a\" rel=\"noopener\"><img decoding=\"async\" src=\"http:\/\/www.comonfort.gob.mx\/sitio\/img\/xls.png\"><\/a>\n\t\t<\/td>\n<\/tr>\n<tr>\n<td>2023<\/td>\n<td><a href=\"https:\/\/docs.google.com\/spreadsheets\/d\/1QP-bfx2WxbEgis3wUfgaiuyKiQuqDKzK\/edit?usp=share_link&#038;ouid=114424200181983449612&#038;rtpof=true&#038;sd=true\" target=\"_blank\" title=\"Abrir en una nueva pesta\u00f1a\" rel=\"noopener\"><img decoding=\"async\" src=\"http:\/\/www.comonfort.gob.mx\/sitio\/img\/xls.png\"><\/a>\n    <\/td>\n<td><a href=\"https:\/\/docs.google.com\/spreadsheets\/d\/10mnQbSJDT7UV0BUMD7IeaQ8c20xCMsGn\/edit?usp=sharing&#038;ouid=114424200181983449612&#038;rtpof=true&#038;sd=true\" target=\"_blank\" title=\"Abrir en una nueva pesta\u00f1a\" rel=\"noopener\"><img decoding=\"async\" src=\"http:\/\/www.comonfort.gob.mx\/sitio\/img\/xls.png\"><\/a>\n    <\/td>\n<td>\n    <\/td>\n<td><a href=\"https:\/\/docs.google.com\/spreadsheets\/d\/1X_GfG9khPgfHqRin8YOVI8uOdpOk6kDX\/edit?usp=sharing&#038;ouid=114424200181983449612&#038;rtpof=true&#038;sd=true\" target=\"_blank\" title=\"Abrir en una nueva pesta\u00f1a\" rel=\"noopener\"><img decoding=\"async\" src=\"http:\/\/www.comonfort.gob.mx\/sitio\/img\/xls.png\"><\/a>\n    <\/td>\n<\/tr>\n<tr>\n<td>2022<\/td>\n<td><a href=\"https:\/\/docs.google.com\/spreadsheets\/d\/1_8ygQ_B3wRS3S4hwxPhhB9LwOlOmnWvv\/edit?usp=sharing&#038;ouid=114424200181983449612&#038;rtpof=true&#038;sd=true\" target=\"_blank\" title=\"Abrir en una nueva pesta\u00f1a\" rel=\"noopener\"><img decoding=\"async\" src=\"http:\/\/www.comonfort.gob.mx\/sitio\/img\/xls.png\"><\/a>\n<\/td>\n<td><a href=\"https:\/\/docs.google.com\/spreadsheets\/d\/1GS0GDVeZkDL1Td2Gj1iCYWSS_Ya2pmtZ\/edit?usp=sharing&#038;ouid=114424200181983449612&#038;rtpof=true&#038;sd=true\" target=\"_blank\" title=\"Abrir en una nueva pesta\u00f1a\" rel=\"noopener\"><img decoding=\"async\" src=\"http:\/\/www.comonfort.gob.mx\/sitio\/img\/xls.png\"><\/a>\n<\/td>\n<td><a href=\"https:\/\/docs.google.com\/spreadsheets\/d\/1EnjFgQQko42wwDzgboyuHqeUGJW3cz-w\/edit?usp=sharing&#038;ouid=114424200181983449612&#038;rtpof=true&#038;sd=true\" target=\"_blank\" title=\"Abrir en una nueva pesta\u00f1a\" rel=\"noopener\"><img decoding=\"async\" src=\"http:\/\/www.comonfort.gob.mx\/sitio\/img\/xls.png\"><\/a>\n<\/td>\n<td><a href=\"https:\/\/docs.google.com\/spreadsheets\/d\/1Thm1QBcTfL2xu_AlN9jLhHtst8zOZiQz\/edit?usp=share_link&#038;ouid=114424200181983449612&#038;rtpof=true&#038;sd=true\" target=\"_blank\" title=\"Abrir en una nueva pesta\u00f1a\" rel=\"noopener\"><img decoding=\"async\" src=\"http:\/\/www.comonfort.gob.mx\/sitio\/img\/xls.png\"><\/a>\n<\/td>\n<\/tr>\n<\/div>\n<\/table>\n<\/div>\n<\/div><!--\n\nJAPAC\n\n--><span class=\"collapseomatic \" id=\"id69ef8f9653fe6\"  tabindex=\"0\" alt=\"JAPAC\" title=\"JAPAC\"    ><center><font size=6 color=#BE3024><img src='http:\/\/www.comonfort.gob.mx\/sitio\/img\/logo-japac-mas.png' style='width: 20%; height: auto;'\/><\/font><\/center><\/span><span id='swap-id69ef8f9653fe6'  class='colomat-swap' style='display:none;'><center><font size=6 color=#BE3024><img src='http:\/\/www.comonfort.gob.mx\/sitio\/img\/logo-japac-menos.png' style='width: 20%; height: auto;'\/><\/font><\/center><\/span><div id=\"target-id69ef8f9653fe6\" class=\"collapseomatic_content \">\n<div align=\"center\" class=\"table-wordpress\" style=\"overflow-x: auto;\">\n<table align=\"center\">\n<div class=\"thead\">\n<tr>\n<th style=\"width: 250px;\">Ejercicio<\/th>\n<th>1er Trim.<\/th>\n<th>2do Trim.<\/th>\n<th>3er Trim.<\/th>\n<th>4to Trim.<\/th>\n<\/tr>\n<\/div>\n<div class=\"tbody\">\n<tr>\n<td>2024<\/td>\n<td><a href=\"https:\/\/docs.google.com\/spreadsheets\/d\/1kUQ6GGUTvIg75hyj13b-038_h_vQHMDI\/edit?usp=sharing&#038;ouid=114424200181983449612&#038;rtpof=true&#038;sd=true\" target=\"_blank\" title=\"Abrir en una nueva pesta\u00f1a\" rel=\"noopener\"><img decoding=\"async\" src=\"http:\/\/www.comonfort.gob.mx\/sitio\/img\/xls.png\"><\/a>\n<\/td>\n<td>\n<\/td>\n<td><a href=\"https:\/\/docs.google.com\/spreadsheets\/d\/1bcL02Srerr1o8cfpf8TwtKlpPqKrerc2\/edit?usp=drive_link&#038;ouid=114424200181983449612&#038;rtpof=true&#038;sd=true\" target=\"_blank\" title=\"Abrir en una nueva pesta\u00f1a\" rel=\"noopener\"><img decoding=\"async\" src=\"http:\/\/www.comonfort.gob.mx\/sitio\/img\/xls.png\"><\/a>\n<\/td>\n<td><a href=\"https:\/\/docs.google.com\/spreadsheets\/d\/1MmiklFNOJVenqQBgqf1AWuaGB_mqWG7Z\/edit?usp=drive_link&#038;ouid=114424200181983449612&#038;rtpof=true&#038;sd=true\" target=\"_blank\" title=\"Abrir en una nueva pesta\u00f1a\" rel=\"noopener\"><img decoding=\"async\" src=\"http:\/\/www.comonfort.gob.mx\/sitio\/img\/xls.png\"><\/a>\n<\/td>\n<\/tr>\n<\/div>\n<\/table>\n<table align=\"center\">\n<div class=\"thead\">\n<tr>\n<th style=\"width: 250px;\">Ejercicio<\/th>\n<th>1er Trim.<\/th>\n<th>2do Trim.<\/th>\n<th>3er Trim.<\/th>\n<th>4to Trim.<\/th>\n<\/tr>\n<\/div>\n<div class=\"tbody\">\n<tr>\n<td>2023<\/td>\n<td><a href=\"https:\/\/docs.google.com\/spreadsheets\/d\/1isWz90C6Tc2j1hNkWdWXyic0eywPXKnm\/edit?usp=share_link&#038;ouid=114424200181983449612&#038;rtpof=true&#038;sd=true\" target=\"_blank\" title=\"Abrir en una nueva pesta\u00f1a\" rel=\"noopener\"><img decoding=\"async\" src=\"http:\/\/www.comonfort.gob.mx\/sitio\/img\/xls.png\"><\/a>\n<\/td>\n<td>\n<\/td>\n<td><\/td>\n<td><\/td>\n<\/tr>\n<\/div>\n<\/table>\n<\/div>\n<\/div>\n","protected":false},"excerpt":{"rendered":"<p>Fracci\u00f3n XXXVI. Las resoluciones y laudos que se emitan en procesos o procedimientos seguidos en forma de juicio. Periodo de Conservaci\u00f3n: Informaci\u00f3n del ejercicio en curso y la correspondiente al ejercicio anterior. Per\u00edodo de Actualizaci\u00f3n: Trimestral.<\/p>\n","protected":false},"author":1,"featured_media":0,"parent":6,"menu_order":0,"comment_status":"closed","ping_status":"closed","template":"","meta":{"saved_in_kubio":false,"_eb_attr":"","footnotes":""},"kubio_ai_page_context":{"short_desc":"","purpose":"general"},"yoast_head":"<!-- This site is optimized with the Yoast SEO plugin v24.3 - https:\/\/yoast.com\/wordpress\/plugins\/seo\/ -->\n<title>Fracci\u00f3n XXXVI Resoluciones y laudos -<\/title>\n<meta name=\"robots\" content=\"index, follow, max-snippet:-1, max-image-preview:large, max-video-preview:-1\" \/>\n<link rel=\"canonical\" href=\"https:\/\/www.comonfort.gob.mx\/sitio\/transparencia\/fraccion36\/\" \/>\n<meta property=\"og:locale\" content=\"es_ES\" \/>\n<meta property=\"og:type\" content=\"article\" \/>\n<meta property=\"og:title\" content=\"Fracci\u00f3n XXXVI Resoluciones y laudos -\" \/>\n<meta property=\"og:description\" content=\"Fracci\u00f3n XXXVI. Las resoluciones y laudos que se emitan en procesos o procedimientos seguidos en forma de juicio. Periodo de Conservaci\u00f3n: Informaci\u00f3n del ejercicio en curso y la correspondiente al ejercicio anterior. Per\u00edodo de Actualizaci\u00f3n: Trimestral.\" \/>\n<meta property=\"og:url\" content=\"https:\/\/www.comonfort.gob.mx\/sitio\/transparencia\/fraccion36\/\" \/>\n<meta property=\"article:publisher\" content=\"https:\/\/www.facebook.com\/Gobierno-de-Comonfort-2018-2021-771384679654142\/\" \/>\n<meta property=\"article:modified_time\" content=\"2025-02-04T15:53:16+00:00\" \/>\n<meta property=\"og:image\" content=\"http:\/\/www.comonfort.gob.mx\/sitio\/img\/logo-admin-centralizada-mas.png\" \/>\n<meta name=\"twitter:card\" content=\"summary_large_image\" \/>\n<meta name=\"twitter:site\" content=\"@GobComonfort\" \/>\n<meta name=\"twitter:label1\" content=\"Tiempo de lectura\" \/>\n\t<meta name=\"twitter:data1\" content=\"4 minutos\" \/>\n<script type=\"application\/ld+json\" class=\"yoast-schema-graph\">{\"@context\":\"https:\/\/schema.org\",\"@graph\":[{\"@type\":\"WebPage\",\"@id\":\"https:\/\/www.comonfort.gob.mx\/sitio\/transparencia\/fraccion36\/\",\"url\":\"https:\/\/www.comonfort.gob.mx\/sitio\/transparencia\/fraccion36\/\",\"name\":\"Fracci\u00f3n XXXVI Resoluciones y laudos -\",\"isPartOf\":{\"@id\":\"https:\/\/www.comonfort.gob.mx\/sitio\/#website\"},\"primaryImageOfPage\":{\"@id\":\"https:\/\/www.comonfort.gob.mx\/sitio\/transparencia\/fraccion36\/#primaryimage\"},\"image\":{\"@id\":\"https:\/\/www.comonfort.gob.mx\/sitio\/transparencia\/fraccion36\/#primaryimage\"},\"thumbnailUrl\":\"http:\/\/www.comonfort.gob.mx\/sitio\/img\/logo-admin-centralizada-mas.png\",\"datePublished\":\"2016-04-29T17:35:25+00:00\",\"dateModified\":\"2025-02-04T15:53:16+00:00\",\"breadcrumb\":{\"@id\":\"https:\/\/www.comonfort.gob.mx\/sitio\/transparencia\/fraccion36\/#breadcrumb\"},\"inLanguage\":\"es\",\"potentialAction\":[{\"@type\":\"ReadAction\",\"target\":[\"https:\/\/www.comonfort.gob.mx\/sitio\/transparencia\/fraccion36\/\"]}]},{\"@type\":\"ImageObject\",\"inLanguage\":\"es\",\"@id\":\"https:\/\/www.comonfort.gob.mx\/sitio\/transparencia\/fraccion36\/#primaryimage\",\"url\":\"http:\/\/www.comonfort.gob.mx\/sitio\/img\/logo-admin-centralizada-mas.png\",\"contentUrl\":\"http:\/\/www.comonfort.gob.mx\/sitio\/img\/logo-admin-centralizada-mas.png\"},{\"@type\":\"BreadcrumbList\",\"@id\":\"https:\/\/www.comonfort.gob.mx\/sitio\/transparencia\/fraccion36\/#breadcrumb\",\"itemListElement\":[{\"@type\":\"ListItem\",\"position\":1,\"name\":\"Portada\",\"item\":\"https:\/\/www.comonfort.gob.mx\/sitio\/\"},{\"@type\":\"ListItem\",\"position\":2,\"name\":\"Transparencia\",\"item\":\"https:\/\/www.comonfort.gob.mx\/sitio\/transparencia\/\"},{\"@type\":\"ListItem\",\"position\":3,\"name\":\"Fracci\u00f3n XXXVI Resoluciones y laudos\"}]},{\"@type\":\"WebSite\",\"@id\":\"https:\/\/www.comonfort.gob.mx\/sitio\/#website\",\"url\":\"https:\/\/www.comonfort.gob.mx\/sitio\/\",\"name\":\"Presidencia Municipal de Comonfort, Gto.\",\"description\":\"\",\"publisher\":{\"@id\":\"https:\/\/www.comonfort.gob.mx\/sitio\/#organization\"},\"potentialAction\":[{\"@type\":\"SearchAction\",\"target\":{\"@type\":\"EntryPoint\",\"urlTemplate\":\"https:\/\/www.comonfort.gob.mx\/sitio\/?s={search_term_string}\"},\"query-input\":{\"@type\":\"PropertyValueSpecification\",\"valueRequired\":true,\"valueName\":\"search_term_string\"}}],\"inLanguage\":\"es\"},{\"@type\":\"Organization\",\"@id\":\"https:\/\/www.comonfort.gob.mx\/sitio\/#organization\",\"name\":\"Presidencia Municipal de Comonfort, Gto.\",\"url\":\"https:\/\/www.comonfort.gob.mx\/sitio\/\",\"logo\":{\"@type\":\"ImageObject\",\"inLanguage\":\"es\",\"@id\":\"https:\/\/www.comonfort.gob.mx\/sitio\/#\/schema\/logo\/image\/\",\"url\":\"https:\/\/www.comonfort.gob.mx\/sitio\/wp-content\/uploads\/2020\/11\/logo-comonfort-c.png\",\"contentUrl\":\"https:\/\/www.comonfort.gob.mx\/sitio\/wp-content\/uploads\/2020\/11\/logo-comonfort-c.png\",\"width\":326,\"height\":348,\"caption\":\"Presidencia Municipal de Comonfort, Gto.\"},\"image\":{\"@id\":\"https:\/\/www.comonfort.gob.mx\/sitio\/#\/schema\/logo\/image\/\"},\"sameAs\":[\"https:\/\/www.facebook.com\/Gobierno-de-Comonfort-2018-2021-771384679654142\/\",\"https:\/\/x.com\/GobComonfort\",\"https:\/\/www.instagram.com\/gobiernocomonfort_oficial\/\",\"https:\/\/www.linkedin.com\/in\/gobierno-de-comonfort-380b251aa\"]}]}<\/script>\n<!-- \/ Yoast SEO plugin. -->","yoast_head_json":{"title":"Fracci\u00f3n XXXVI Resoluciones y laudos -","robots":{"index":"index","follow":"follow","max-snippet":"max-snippet:-1","max-image-preview":"max-image-preview:large","max-video-preview":"max-video-preview:-1"},"canonical":"https:\/\/www.comonfort.gob.mx\/sitio\/transparencia\/fraccion36\/","og_locale":"es_ES","og_type":"article","og_title":"Fracci\u00f3n XXXVI Resoluciones y laudos -","og_description":"Fracci\u00f3n XXXVI. Las resoluciones y laudos que se emitan en procesos o procedimientos seguidos en forma de juicio. Periodo de Conservaci\u00f3n: Informaci\u00f3n del ejercicio en curso y la correspondiente al ejercicio anterior. Per\u00edodo de Actualizaci\u00f3n: Trimestral.","og_url":"https:\/\/www.comonfort.gob.mx\/sitio\/transparencia\/fraccion36\/","article_publisher":"https:\/\/www.facebook.com\/Gobierno-de-Comonfort-2018-2021-771384679654142\/","article_modified_time":"2025-02-04T15:53:16+00:00","og_image":[{"url":"http:\/\/www.comonfort.gob.mx\/sitio\/img\/logo-admin-centralizada-mas.png","type":"","width":"","height":""}],"twitter_card":"summary_large_image","twitter_site":"@GobComonfort","twitter_misc":{"Tiempo de lectura":"4 minutos"},"schema":{"@context":"https:\/\/schema.org","@graph":[{"@type":"WebPage","@id":"https:\/\/www.comonfort.gob.mx\/sitio\/transparencia\/fraccion36\/","url":"https:\/\/www.comonfort.gob.mx\/sitio\/transparencia\/fraccion36\/","name":"Fracci\u00f3n XXXVI Resoluciones y laudos -","isPartOf":{"@id":"https:\/\/www.comonfort.gob.mx\/sitio\/#website"},"primaryImageOfPage":{"@id":"https:\/\/www.comonfort.gob.mx\/sitio\/transparencia\/fraccion36\/#primaryimage"},"image":{"@id":"https:\/\/www.comonfort.gob.mx\/sitio\/transparencia\/fraccion36\/#primaryimage"},"thumbnailUrl":"http:\/\/www.comonfort.gob.mx\/sitio\/img\/logo-admin-centralizada-mas.png","datePublished":"2016-04-29T17:35:25+00:00","dateModified":"2025-02-04T15:53:16+00:00","breadcrumb":{"@id":"https:\/\/www.comonfort.gob.mx\/sitio\/transparencia\/fraccion36\/#breadcrumb"},"inLanguage":"es","potentialAction":[{"@type":"ReadAction","target":["https:\/\/www.comonfort.gob.mx\/sitio\/transparencia\/fraccion36\/"]}]},{"@type":"ImageObject","inLanguage":"es","@id":"https:\/\/www.comonfort.gob.mx\/sitio\/transparencia\/fraccion36\/#primaryimage","url":"http:\/\/www.comonfort.gob.mx\/sitio\/img\/logo-admin-centralizada-mas.png","contentUrl":"http:\/\/www.comonfort.gob.mx\/sitio\/img\/logo-admin-centralizada-mas.png"},{"@type":"BreadcrumbList","@id":"https:\/\/www.comonfort.gob.mx\/sitio\/transparencia\/fraccion36\/#breadcrumb","itemListElement":[{"@type":"ListItem","position":1,"name":"Portada","item":"https:\/\/www.comonfort.gob.mx\/sitio\/"},{"@type":"ListItem","position":2,"name":"Transparencia","item":"https:\/\/www.comonfort.gob.mx\/sitio\/transparencia\/"},{"@type":"ListItem","position":3,"name":"Fracci\u00f3n XXXVI Resoluciones y laudos"}]},{"@type":"WebSite","@id":"https:\/\/www.comonfort.gob.mx\/sitio\/#website","url":"https:\/\/www.comonfort.gob.mx\/sitio\/","name":"Presidencia Municipal de Comonfort, Gto.","description":"","publisher":{"@id":"https:\/\/www.comonfort.gob.mx\/sitio\/#organization"},"potentialAction":[{"@type":"SearchAction","target":{"@type":"EntryPoint","urlTemplate":"https:\/\/www.comonfort.gob.mx\/sitio\/?s={search_term_string}"},"query-input":{"@type":"PropertyValueSpecification","valueRequired":true,"valueName":"search_term_string"}}],"inLanguage":"es"},{"@type":"Organization","@id":"https:\/\/www.comonfort.gob.mx\/sitio\/#organization","name":"Presidencia Municipal de Comonfort, Gto.","url":"https:\/\/www.comonfort.gob.mx\/sitio\/","logo":{"@type":"ImageObject","inLanguage":"es","@id":"https:\/\/www.comonfort.gob.mx\/sitio\/#\/schema\/logo\/image\/","url":"https:\/\/www.comonfort.gob.mx\/sitio\/wp-content\/uploads\/2020\/11\/logo-comonfort-c.png","contentUrl":"https:\/\/www.comonfort.gob.mx\/sitio\/wp-content\/uploads\/2020\/11\/logo-comonfort-c.png","width":326,"height":348,"caption":"Presidencia Municipal de Comonfort, Gto."},"image":{"@id":"https:\/\/www.comonfort.gob.mx\/sitio\/#\/schema\/logo\/image\/"},"sameAs":["https:\/\/www.facebook.com\/Gobierno-de-Comonfort-2018-2021-771384679654142\/","https:\/\/x.com\/GobComonfort","https:\/\/www.instagram.com\/gobiernocomonfort_oficial\/","https:\/\/www.linkedin.com\/in\/gobierno-de-comonfort-380b251aa"]}]}},"_links":{"self":[{"href":"https:\/\/www.comonfort.gob.mx\/sitio\/wp-json\/wp\/v2\/pages\/1368"}],"collection":[{"href":"https:\/\/www.comonfort.gob.mx\/sitio\/wp-json\/wp\/v2\/pages"}],"about":[{"href":"https:\/\/www.comonfort.gob.mx\/sitio\/wp-json\/wp\/v2\/types\/page"}],"author":[{"embeddable":true,"href":"https:\/\/www.comonfort.gob.mx\/sitio\/wp-json\/wp\/v2\/users\/1"}],"replies":[{"embeddable":true,"href":"https:\/\/www.comonfort.gob.mx\/sitio\/wp-json\/wp\/v2\/comments?post=1368"}],"version-history":[{"count":21,"href":"https:\/\/www.comonfort.gob.mx\/sitio\/wp-json\/wp\/v2\/pages\/1368\/revisions"}],"predecessor-version":[{"id":18289,"href":"https:\/\/www.comonfort.gob.mx\/sitio\/wp-json\/wp\/v2\/pages\/1368\/revisions\/18289"}],"up":[{"embeddable":true,"href":"https:\/\/www.comonfort.gob.mx\/sitio\/wp-json\/wp\/v2\/pages\/6"}],"wp:attachment":[{"href":"https:\/\/www.comonfort.gob.mx\/sitio\/wp-json\/wp\/v2\/media?parent=1368"}],"curies":[{"name":"wp","href":"https:\/\/api.w.org\/{rel}","templated":true}]}}