{"id":1301,"date":"2016-04-29T10:18:36","date_gmt":"2016-04-29T16:18:36","guid":{"rendered":"http:\/\/www.comonfort.gob.mx\/ppp\/?page_id=1301"},"modified":"2025-08-31T23:04:31","modified_gmt":"2025-09-01T05:04:31","slug":"fraccion3","status":"publish","type":"page","link":"https:\/\/www.comonfort.gob.mx\/sitio\/transparencia\/fraccion3\/","title":{"rendered":"Fracci\u00f3n III Facultades de cada \u00c1rea"},"content":{"rendered":"<div id=\"fb-root\"><\/div>\n\r\n<style>\r\n.responsive-tabs .responsive-tabs__list__item {font-size: 14px !important;}\r\n.table-wordpress table {\r\n\/*    border-collapse: separate;\r\n    border-spacing: 15px;*\/\r\n    width: 40%;\r\n    border-color: #ececec;\r\n    border-left: none;\r\n    border-style: none solid solid none;\r\n    border-top: medium none;\r\n    border-width: medium 1px 1px medium;\r\n    font-size: 14px;\r\n    padding: 10px;\r\n}\r\n.table-wordpress thead {background-color:#BDBDBD; color:#000;}\r\n.table-wordpress th{\r\npadding: 10px;\r\ntext-align: center !important;\r\ncolor:#FFF;\r\nbackground-color: #C22E24;\r\n}\r\n.table-wordpress tr {\r\n    display: table-row;\r\n    vertical-align: inherit;\r\n    border-color: inherit;\r\n}\r\n.table-wordpress td {\r\n    padding: 10px;\r\n    color:#000;\r\n  width: 4rem;\r\n  height: 2rem;\r\n  border: 1px solid #D8D8D8;\r\n  text-align: center;\r\n  vertical-align: middle;\r\n}\r\n.table-wordpress img{\r\n  margin-bottom: 0px;\r\n  width: 25px; \r\n  height: 25px;\r\n  max-width: 25px;\r\n}\r\np {padding:0px; margin:0px;}\r\n.table-wordpress tr:nth-child(even){background-color: #f2f2f2}\r\n.table-wordpress tr:hover {\r\n  background: #BEBEBE;\r\n}\r\n.leyenda{width: 85%; text-align : justify;}\r\n.leyenda span{font-family: Verdana, Geneva; font-size: 14px;}\r\n<\/style>\r\n<div align=\"center\"><div class=\"leyenda\"><span><b><strong>Fracci\u00f3n III<\/strong><\/b>. Las facultades de cada \u00c1rea.<\/span>\r\n<br><span><b><strong>Periodo de Conservaci\u00f3n:<\/strong><\/b> Informaci\u00f3n vigente.<\/span>\r\n<br><span><b><strong>Per\u00edodo de Actualizaci\u00f3n:<\/strong><\/b> Trimestral.<\/span>\r\n<\/div><\/div>\r\n<span class=\"collapseomatic \" id=\"id69f3d3f27cbdb\"  tabindex=\"0\" alt=\"ADMINISTRACI\u00d3N CENTRALIZADA\" title=\"ADMINISTRACI\u00d3N CENTRALIZADA\"    ><center><font size=6 color=#BE3024><img src='http:\/\/www.comonfort.gob.mx\/sitio\/img\/logo-admin-centralizada-mas.png' style='width: 20%; height: auto;'\/><\/font><\/center><\/span><span id='swap-id69f3d3f27cbdb'  class='colomat-swap' style='display:none;'><center><font size=6 color=#BE3024><img src='http:\/\/www.comonfort.gob.mx\/sitio\/img\/logo-admin-centralizada-menos.png' style='width: 20%; height: auto;'\/><\/font><\/center><\/span><div id=\"target-id69f3d3f27cbdb\" class=\"collapseomatic_content \">\r\n<div align=\"center\" class=\"table-wordpress\" style=\"overflow-x: auto;\">\r\n<table align=\"center\">\r\n<div class=\"thead\">\r\n    <tr>\r\n      <th>Ejercicio<\/td>\r\n        <th>1er trim.<\/td>\r\n      <th>2do trim.<\/td>\r\n        <th>3er trim.<\/td>\r\n          <th>4to trim.<\/td>\r\n    <\/tr>\r\n<\/div>\r\n<div class=\"tbody\">\r\n<tr>\r\n<td>2025<\/td>\r\n<td><a href=\"https:\/\/docs.google.com\/spreadsheets\/d\/1ckuy2Isi6ZMgbm1gaRepPhVyxtQO0Fgx\/edit?usp=drive_link&#038;ouid=114424200181983449612&#038;rtpof=true&#038;sd=true\" target=\"_blank\" title=\"Abrir en una nueva pesta\u00f1a\" rel=\"noopener\"><img decoding=\"async\" src=\"http:\/\/www.comonfort.gob.mx\/sitio\/img\/xls.png\"><\/a>\r\n<\/td>\r\n<td><a href=\"https:\/\/docs.google.com\/spreadsheets\/d\/1GMVtALMhTDOOI63sH9gXHU80ZAIjmFAK\/edit?usp=drive_link&#038;ouid=114424200181983449612&#038;rtpof=true&#038;sd=true\" target=\"_blank\" title=\"Abrir en una nueva pesta\u00f1a\" rel=\"noopener\"><img decoding=\"async\" src=\"http:\/\/www.comonfort.gob.mx\/sitio\/img\/xls.png\"><\/a>\r\n<\/td>\r\n<td><\/td>\r\n<td><\/td>\r\n<\/tr>\r\n<\/div>\r\n<\/table>\r\n<\/div>\r\n<\/div><!--\r\n\r\nDIF\r\n\r\n--><span class=\"collapseomatic \" id=\"id69f3d3f27cc1e\"  tabindex=\"0\" alt=\"DIF\" title=\"DIF\"    ><center><font size=6 color=#BE3024><img src='http:\/\/www.comonfort.gob.mx\/sitio\/img\/logo-smdif-mas.png' style='width: 20%; height: auto;'\/><\/font><\/center><\/span><span id='swap-id69f3d3f27cc1e'  class='colomat-swap' style='display:none;'><center><font size=6 color=#BE3024><img src='http:\/\/www.comonfort.gob.mx\/sitio\/img\/logo-smdif-menos.png' style='width: 20%; height: auto;'\/><\/font><\/center><\/span><div id=\"target-id69f3d3f27cc1e\" class=\"collapseomatic_content \">\r\n<div align=\"center\" class=\"table-wordpress\" style=\"overflow-x: auto;\">\r\n<table align=\"center\">\r\n<div class=\"thead\">\r\n    <tr>\r\n      <th>Ejercicio<\/td>\r\n        <th>1er trim.<\/td>\r\n      <th>2do trim.<\/td>\r\n        <th>3er trim.<\/td>\r\n          <th>4to trim.<\/td>\r\n    <\/tr>\r\n<\/div>\r\n<div class=\"tbody\">\r\n<tr>\r\n<td>2025<\/td>\r\n<td><a href=\"https:\/\/docs.google.com\/spreadsheets\/d\/1IzF6-kL-I-XMAX-x3DcxJeCVVgkpIUkn\/edit?usp=drive_link&#038;ouid=114424200181983449612&#038;rtpof=true&#038;sd=true\" target=\"_blank\" title=\"Abrir en una nueva pesta\u00f1a\" rel=\"noopener\"><img decoding=\"async\" src=\"http:\/\/www.comonfort.gob.mx\/sitio\/img\/xls.png\"><\/a>\r\n<\/td>\r\n<td><a href=\"https:\/\/docs.google.com\/spreadsheets\/d\/1HohbEqzBu7gvxoYDfOOfOrIhNW-uhkCo\/edit?usp=drive_link&#038;ouid=114424200181983449612&#038;rtpof=true&#038;sd=true\" target=\"_blank\" title=\"Abrir en una nueva pesta\u00f1a\" rel=\"noopener\"><img decoding=\"async\" src=\"http:\/\/www.comonfort.gob.mx\/sitio\/img\/xls.png\"><\/a>\r\n<\/td>\r\n<td><\/td>\r\n<td><\/td>\r\n<\/tr>\r\n<\/div>\r\n<\/table>\r\n<\/div>\r\n<\/div><!--\r\n\r\nJAPAC\r\n\r\n--><span class=\"collapseomatic \" id=\"id69f3d3f27cc43\"  tabindex=\"0\" alt=\"JAPAC\" title=\"JAPAC\"    ><center><font size=6 color=#BE3024><img src='http:\/\/www.comonfort.gob.mx\/sitio\/img\/logo-japac-mas.png' style='width: 20%; height: auto;'\/><\/font><\/center><\/span><span id='swap-id69f3d3f27cc43'  class='colomat-swap' style='display:none;'><center><font size=6 color=#BE3024><img src='http:\/\/www.comonfort.gob.mx\/sitio\/img\/logo-japac-menos.png' style='width: 20%; height: auto;'\/><\/font><\/center><\/span><div id=\"target-id69f3d3f27cc43\" class=\"collapseomatic_content \">\r\n<div align=\"center\" class=\"table-wordpress\" style=\"overflow-x: auto;\">\r\n<table align=\"center\">\r\n<div class=\"thead\">\r\n    <tr>\r\n      <th>Ejercicio<\/td>\r\n        <th>1er trim.<\/td>\r\n      <th>2do trim.<\/td>\r\n        <th>3er trim.<\/td>\r\n          <th>4to trim.<\/td>\r\n    <\/tr>\r\n<\/div>\r\n<div class=\"tbody\">\r\n<tr>\r\n<td>2025<\/td>\r\n<td><a href=\"https:\/\/docs.google.com\/spreadsheets\/d\/1QrrdnjfnJZUl2z6Uokg_1nW23mXKrbJA\/edit?usp=drive_link&#038;ouid=114424200181983449612&#038;rtpof=true&#038;sd=true\" target=\"_blank\" title=\"Abrir en una nueva pesta\u00f1a\" rel=\"noopener\"><img decoding=\"async\" src=\"http:\/\/www.comonfort.gob.mx\/sitio\/img\/xls.png\"><\/a>\r\n<\/td>\r\n<td><a href=\"https:\/\/docs.google.com\/spreadsheets\/d\/1aitPzCHngOAusmoHLYIvZ2tnI_58fz1V\/edit?usp=drive_link&#038;ouid=114424200181983449612&#038;rtpof=true&#038;sd=true\" target=\"_blank\" title=\"Abrir en una nueva pesta\u00f1a\" rel=\"noopener\"><img decoding=\"async\" src=\"http:\/\/www.comonfort.gob.mx\/sitio\/img\/xls.png\"><\/a>\r\n<\/td>\r\n<td><\/td>\r\n<td><\/td>\r\n<\/tr>\r\n<\/div>\r\n<\/table>\r\n<\/div>\r\n<\/div><!--\r\n","protected":false},"excerpt":{"rendered":"<p>Fracci\u00f3n III. Las facultades de cada \u00c1rea. Periodo de Conservaci\u00f3n: Informaci\u00f3n vigente. Per\u00edodo de Actualizaci\u00f3n: Trimestral.<\/p>\n","protected":false},"author":1,"featured_media":0,"parent":6,"menu_order":0,"comment_status":"closed","ping_status":"closed","template":"","meta":{"saved_in_kubio":false,"_eb_attr":"","footnotes":""},"kubio_ai_page_context":{"short_desc":"","purpose":"general"},"yoast_head":"<!-- This site is optimized with the Yoast SEO plugin v24.3 - https:\/\/yoast.com\/wordpress\/plugins\/seo\/ -->\n<title>Fracci\u00f3n III Facultades de cada \u00c1rea -<\/title>\n<meta name=\"robots\" content=\"index, follow, max-snippet:-1, max-image-preview:large, max-video-preview:-1\" \/>\n<link rel=\"canonical\" href=\"https:\/\/www.comonfort.gob.mx\/sitio\/transparencia\/fraccion3\/\" \/>\n<meta property=\"og:locale\" content=\"es_ES\" \/>\n<meta property=\"og:type\" content=\"article\" \/>\n<meta property=\"og:title\" content=\"Fracci\u00f3n III Facultades de cada \u00c1rea -\" \/>\n<meta property=\"og:description\" content=\"Fracci\u00f3n III. Las facultades de cada \u00c1rea. Periodo de Conservaci\u00f3n: Informaci\u00f3n vigente. Per\u00edodo de Actualizaci\u00f3n: Trimestral.\" \/>\n<meta property=\"og:url\" content=\"https:\/\/www.comonfort.gob.mx\/sitio\/transparencia\/fraccion3\/\" \/>\n<meta property=\"article:publisher\" content=\"https:\/\/www.facebook.com\/Gobierno-de-Comonfort-2018-2021-771384679654142\/\" \/>\n<meta property=\"article:modified_time\" content=\"2025-09-01T05:04:31+00:00\" \/>\n<meta property=\"og:image\" content=\"http:\/\/www.comonfort.gob.mx\/sitio\/img\/logo-admin-centralizada-mas.png\" \/>\n<meta name=\"twitter:card\" content=\"summary_large_image\" \/>\n<meta name=\"twitter:site\" content=\"@GobComonfort\" \/>\n<meta name=\"twitter:label1\" content=\"Tiempo de lectura\" \/>\n\t<meta name=\"twitter:data1\" content=\"5 minutos\" \/>\n<script type=\"application\/ld+json\" class=\"yoast-schema-graph\">{\"@context\":\"https:\/\/schema.org\",\"@graph\":[{\"@type\":\"WebPage\",\"@id\":\"https:\/\/www.comonfort.gob.mx\/sitio\/transparencia\/fraccion3\/\",\"url\":\"https:\/\/www.comonfort.gob.mx\/sitio\/transparencia\/fraccion3\/\",\"name\":\"Fracci\u00f3n III Facultades de cada \u00c1rea -\",\"isPartOf\":{\"@id\":\"https:\/\/www.comonfort.gob.mx\/sitio\/#website\"},\"primaryImageOfPage\":{\"@id\":\"https:\/\/www.comonfort.gob.mx\/sitio\/transparencia\/fraccion3\/#primaryimage\"},\"image\":{\"@id\":\"https:\/\/www.comonfort.gob.mx\/sitio\/transparencia\/fraccion3\/#primaryimage\"},\"thumbnailUrl\":\"http:\/\/www.comonfort.gob.mx\/sitio\/img\/logo-admin-centralizada-mas.png\",\"datePublished\":\"2016-04-29T16:18:36+00:00\",\"dateModified\":\"2025-09-01T05:04:31+00:00\",\"breadcrumb\":{\"@id\":\"https:\/\/www.comonfort.gob.mx\/sitio\/transparencia\/fraccion3\/#breadcrumb\"},\"inLanguage\":\"es\",\"potentialAction\":[{\"@type\":\"ReadAction\",\"target\":[\"https:\/\/www.comonfort.gob.mx\/sitio\/transparencia\/fraccion3\/\"]}]},{\"@type\":\"ImageObject\",\"inLanguage\":\"es\",\"@id\":\"https:\/\/www.comonfort.gob.mx\/sitio\/transparencia\/fraccion3\/#primaryimage\",\"url\":\"http:\/\/www.comonfort.gob.mx\/sitio\/img\/logo-admin-centralizada-mas.png\",\"contentUrl\":\"http:\/\/www.comonfort.gob.mx\/sitio\/img\/logo-admin-centralizada-mas.png\"},{\"@type\":\"BreadcrumbList\",\"@id\":\"https:\/\/www.comonfort.gob.mx\/sitio\/transparencia\/fraccion3\/#breadcrumb\",\"itemListElement\":[{\"@type\":\"ListItem\",\"position\":1,\"name\":\"Portada\",\"item\":\"https:\/\/www.comonfort.gob.mx\/sitio\/\"},{\"@type\":\"ListItem\",\"position\":2,\"name\":\"Transparencia\",\"item\":\"https:\/\/www.comonfort.gob.mx\/sitio\/transparencia\/\"},{\"@type\":\"ListItem\",\"position\":3,\"name\":\"Fracci\u00f3n III Facultades de cada \u00c1rea\"}]},{\"@type\":\"WebSite\",\"@id\":\"https:\/\/www.comonfort.gob.mx\/sitio\/#website\",\"url\":\"https:\/\/www.comonfort.gob.mx\/sitio\/\",\"name\":\"Presidencia Municipal de Comonfort, Gto.\",\"description\":\"\",\"publisher\":{\"@id\":\"https:\/\/www.comonfort.gob.mx\/sitio\/#organization\"},\"potentialAction\":[{\"@type\":\"SearchAction\",\"target\":{\"@type\":\"EntryPoint\",\"urlTemplate\":\"https:\/\/www.comonfort.gob.mx\/sitio\/?s={search_term_string}\"},\"query-input\":{\"@type\":\"PropertyValueSpecification\",\"valueRequired\":true,\"valueName\":\"search_term_string\"}}],\"inLanguage\":\"es\"},{\"@type\":\"Organization\",\"@id\":\"https:\/\/www.comonfort.gob.mx\/sitio\/#organization\",\"name\":\"Presidencia Municipal de Comonfort, Gto.\",\"url\":\"https:\/\/www.comonfort.gob.mx\/sitio\/\",\"logo\":{\"@type\":\"ImageObject\",\"inLanguage\":\"es\",\"@id\":\"https:\/\/www.comonfort.gob.mx\/sitio\/#\/schema\/logo\/image\/\",\"url\":\"https:\/\/www.comonfort.gob.mx\/sitio\/wp-content\/uploads\/2020\/11\/logo-comonfort-c.png\",\"contentUrl\":\"https:\/\/www.comonfort.gob.mx\/sitio\/wp-content\/uploads\/2020\/11\/logo-comonfort-c.png\",\"width\":326,\"height\":348,\"caption\":\"Presidencia Municipal de Comonfort, Gto.\"},\"image\":{\"@id\":\"https:\/\/www.comonfort.gob.mx\/sitio\/#\/schema\/logo\/image\/\"},\"sameAs\":[\"https:\/\/www.facebook.com\/Gobierno-de-Comonfort-2018-2021-771384679654142\/\",\"https:\/\/x.com\/GobComonfort\",\"https:\/\/www.instagram.com\/gobiernocomonfort_oficial\/\",\"https:\/\/www.linkedin.com\/in\/gobierno-de-comonfort-380b251aa\"]}]}<\/script>\n<!-- \/ Yoast SEO plugin. -->","yoast_head_json":{"title":"Fracci\u00f3n III Facultades de cada \u00c1rea -","robots":{"index":"index","follow":"follow","max-snippet":"max-snippet:-1","max-image-preview":"max-image-preview:large","max-video-preview":"max-video-preview:-1"},"canonical":"https:\/\/www.comonfort.gob.mx\/sitio\/transparencia\/fraccion3\/","og_locale":"es_ES","og_type":"article","og_title":"Fracci\u00f3n III Facultades de cada \u00c1rea -","og_description":"Fracci\u00f3n III. Las facultades de cada \u00c1rea. Periodo de Conservaci\u00f3n: Informaci\u00f3n vigente. Per\u00edodo de Actualizaci\u00f3n: Trimestral.","og_url":"https:\/\/www.comonfort.gob.mx\/sitio\/transparencia\/fraccion3\/","article_publisher":"https:\/\/www.facebook.com\/Gobierno-de-Comonfort-2018-2021-771384679654142\/","article_modified_time":"2025-09-01T05:04:31+00:00","og_image":[{"url":"http:\/\/www.comonfort.gob.mx\/sitio\/img\/logo-admin-centralizada-mas.png","type":"","width":"","height":""}],"twitter_card":"summary_large_image","twitter_site":"@GobComonfort","twitter_misc":{"Tiempo de lectura":"5 minutos"},"schema":{"@context":"https:\/\/schema.org","@graph":[{"@type":"WebPage","@id":"https:\/\/www.comonfort.gob.mx\/sitio\/transparencia\/fraccion3\/","url":"https:\/\/www.comonfort.gob.mx\/sitio\/transparencia\/fraccion3\/","name":"Fracci\u00f3n III Facultades de cada \u00c1rea -","isPartOf":{"@id":"https:\/\/www.comonfort.gob.mx\/sitio\/#website"},"primaryImageOfPage":{"@id":"https:\/\/www.comonfort.gob.mx\/sitio\/transparencia\/fraccion3\/#primaryimage"},"image":{"@id":"https:\/\/www.comonfort.gob.mx\/sitio\/transparencia\/fraccion3\/#primaryimage"},"thumbnailUrl":"http:\/\/www.comonfort.gob.mx\/sitio\/img\/logo-admin-centralizada-mas.png","datePublished":"2016-04-29T16:18:36+00:00","dateModified":"2025-09-01T05:04:31+00:00","breadcrumb":{"@id":"https:\/\/www.comonfort.gob.mx\/sitio\/transparencia\/fraccion3\/#breadcrumb"},"inLanguage":"es","potentialAction":[{"@type":"ReadAction","target":["https:\/\/www.comonfort.gob.mx\/sitio\/transparencia\/fraccion3\/"]}]},{"@type":"ImageObject","inLanguage":"es","@id":"https:\/\/www.comonfort.gob.mx\/sitio\/transparencia\/fraccion3\/#primaryimage","url":"http:\/\/www.comonfort.gob.mx\/sitio\/img\/logo-admin-centralizada-mas.png","contentUrl":"http:\/\/www.comonfort.gob.mx\/sitio\/img\/logo-admin-centralizada-mas.png"},{"@type":"BreadcrumbList","@id":"https:\/\/www.comonfort.gob.mx\/sitio\/transparencia\/fraccion3\/#breadcrumb","itemListElement":[{"@type":"ListItem","position":1,"name":"Portada","item":"https:\/\/www.comonfort.gob.mx\/sitio\/"},{"@type":"ListItem","position":2,"name":"Transparencia","item":"https:\/\/www.comonfort.gob.mx\/sitio\/transparencia\/"},{"@type":"ListItem","position":3,"name":"Fracci\u00f3n III Facultades de cada \u00c1rea"}]},{"@type":"WebSite","@id":"https:\/\/www.comonfort.gob.mx\/sitio\/#website","url":"https:\/\/www.comonfort.gob.mx\/sitio\/","name":"Presidencia Municipal de Comonfort, Gto.","description":"","publisher":{"@id":"https:\/\/www.comonfort.gob.mx\/sitio\/#organization"},"potentialAction":[{"@type":"SearchAction","target":{"@type":"EntryPoint","urlTemplate":"https:\/\/www.comonfort.gob.mx\/sitio\/?s={search_term_string}"},"query-input":{"@type":"PropertyValueSpecification","valueRequired":true,"valueName":"search_term_string"}}],"inLanguage":"es"},{"@type":"Organization","@id":"https:\/\/www.comonfort.gob.mx\/sitio\/#organization","name":"Presidencia Municipal de Comonfort, Gto.","url":"https:\/\/www.comonfort.gob.mx\/sitio\/","logo":{"@type":"ImageObject","inLanguage":"es","@id":"https:\/\/www.comonfort.gob.mx\/sitio\/#\/schema\/logo\/image\/","url":"https:\/\/www.comonfort.gob.mx\/sitio\/wp-content\/uploads\/2020\/11\/logo-comonfort-c.png","contentUrl":"https:\/\/www.comonfort.gob.mx\/sitio\/wp-content\/uploads\/2020\/11\/logo-comonfort-c.png","width":326,"height":348,"caption":"Presidencia Municipal de Comonfort, Gto."},"image":{"@id":"https:\/\/www.comonfort.gob.mx\/sitio\/#\/schema\/logo\/image\/"},"sameAs":["https:\/\/www.facebook.com\/Gobierno-de-Comonfort-2018-2021-771384679654142\/","https:\/\/x.com\/GobComonfort","https:\/\/www.instagram.com\/gobiernocomonfort_oficial\/","https:\/\/www.linkedin.com\/in\/gobierno-de-comonfort-380b251aa"]}]}},"_links":{"self":[{"href":"https:\/\/www.comonfort.gob.mx\/sitio\/wp-json\/wp\/v2\/pages\/1301"}],"collection":[{"href":"https:\/\/www.comonfort.gob.mx\/sitio\/wp-json\/wp\/v2\/pages"}],"about":[{"href":"https:\/\/www.comonfort.gob.mx\/sitio\/wp-json\/wp\/v2\/types\/page"}],"author":[{"embeddable":true,"href":"https:\/\/www.comonfort.gob.mx\/sitio\/wp-json\/wp\/v2\/users\/1"}],"replies":[{"embeddable":true,"href":"https:\/\/www.comonfort.gob.mx\/sitio\/wp-json\/wp\/v2\/comments?post=1301"}],"version-history":[{"count":31,"href":"https:\/\/www.comonfort.gob.mx\/sitio\/wp-json\/wp\/v2\/pages\/1301\/revisions"}],"predecessor-version":[{"id":20614,"href":"https:\/\/www.comonfort.gob.mx\/sitio\/wp-json\/wp\/v2\/pages\/1301\/revisions\/20614"}],"up":[{"embeddable":true,"href":"https:\/\/www.comonfort.gob.mx\/sitio\/wp-json\/wp\/v2\/pages\/6"}],"wp:attachment":[{"href":"https:\/\/www.comonfort.gob.mx\/sitio\/wp-json\/wp\/v2\/media?parent=1301"}],"curies":[{"name":"wp","href":"https:\/\/api.w.org\/{rel}","templated":true}]}}