{"id":10607,"date":"2020-02-13T09:35:44","date_gmt":"2020-02-13T15:35:44","guid":{"rendered":"https:\/\/www.comonfort.gob.mx\/sitio\/?page_id=10607"},"modified":"2025-02-04T10:15:57","modified_gmt":"2025-02-04T16:15:57","slug":"fraccion41","status":"publish","type":"page","link":"https:\/\/www.comonfort.gob.mx\/sitio\/transparencia\/fraccion41\/","title":{"rendered":"Fracci\u00f3n XLI Los estudios financiados con recursos p\u00fablicos"},"content":{"rendered":"<div id=\"fb-root\"><\/div>\n<style>\n.responsive-tabs .responsive-tabs__list__item {font-size: 14px !important;}\n.table-wordpress table {\n\/*    border-collapse: separate;\n    border-spacing: 15px;*\/\n    width: 60%;\n    border-color: #ececec;\n    border-left: none;\n    border-style: none solid solid none;\n    border-top: medium none;\n    border-width: medium 1px 1px medium;\n    font-size: 14px;\n    padding: 10px;\n}\n.table-wordpress thead {background-color:#BDBDBD; color:#000;}\n.table-wordpress th{\npadding: 10px;\ntext-align: center !important;\ncolor:#FFF;\nbackground-color: #C22E24;\n}\n.table-wordpress tr {\n    display: table-row;\n    vertical-align: inherit;\n    border-color: inherit;\n}\n.table-wordpress td {\n    padding: 10px;\n    color:#000;\n  width: 4rem;\n  height: 2rem;\n  border: 1px solid #D8D8D8;\n  text-align: center;\n  vertical-align: middle;\n}\n.table-wordpress img{\n  margin-bottom: 0px;\n  width: 25px; \n  height: 25px;\n  max-width: 25px;\n}\np {padding:0px; margin:0px;}\n.table-wordpress tr:nth-child(even){background-color: #f2f2f2}\n.table-wordpress tr:hover {\n  background: #BEBEBE;\n}\n.leyenda{width: 85%; text-align : justify;}\n.leyenda span{font-family: Verdana, Geneva; font-size: 14px;}\n<\/style>\n<div align=\"center\">\n<div class=\"leyenda\"><span><b><strong>Fracci\u00f3n XLI<\/strong><\/b>. Los estudios financiados con recursos p\u00fablicos.<\/span><br \/>\n<br \/><span><b><strong>Periodo de Conservaci\u00f3n:<\/strong><\/b> Informaci\u00f3n del ejercicio en curso y la correpondiente a dos ejercicios anteriores<\/span><br \/>\n<br \/><span><b><strong>Per\u00edodo de Actualizaci\u00f3n:<\/strong><\/b> Trimestral.<\/span>\n<\/div>\n<\/div>\n<span class=\"collapseomatic \" id=\"id69ef900b14c73\"  tabindex=\"0\" alt=\"ADMINISTRACI\u00d3N CENTRALIZADA\" title=\"ADMINISTRACI\u00d3N CENTRALIZADA\"    ><center><font size=6 color=#BE3024><img src='http:\/\/www.comonfort.gob.mx\/sitio\/img\/logo-admin-centralizada-mas.png' style='width: 20%; height: auto;'\/><\/font><\/center><\/span><span id='swap-id69ef900b14c73'  class='colomat-swap' style='display:none;'><center><font size=6 color=#BE3024><img src='http:\/\/www.comonfort.gob.mx\/sitio\/img\/logo-admin-centralizada-menos.png' style='width: 20%; height: auto;'\/><\/font><\/center><\/span><div id=\"target-id69ef900b14c73\" class=\"collapseomatic_content \">\n<div align=\"center\" class=\"table-wordpress\" style=\"overflow-x: auto;\">\n<table align=\"center\">\n<div class=\"thead\">\n<tr>\n<th style=\"width: 350px;\">Ejercicio<\/th>\n<th colspan=\"2\">1er Trim.<\/th>\n<th colspan=\"2\">2do Trim.<\/th>\n<th colspan=\"2\">3er Trim.<\/th>\n<th colspan=\"2\">4to Trim.<\/th>\n<\/tr>\n<\/div>\n<div class=\"tbody\">\n<tr>\n<td>2024<\/td>\n<td colspan=\"2\"><a href=\"https:\/\/docs.google.com\/spreadsheets\/d\/1RRpo9_Ub4kaKPfEQ_avGqVxKaCl4xa4Y\/edit?usp=sharing&#038;ouid=114424200181983449612&#038;rtpof=true&#038;sd=true\" target=\"_blank\" title=\"Abrir en una nueva pesta\u00f1a\" rel=\"noopener\"><img decoding=\"async\" src=\"http:\/\/www.comonfort.gob.mx\/sitio\/img\/xls.png\"><\/a>\n    <\/td>\n<td colspan=\"2\"><a href=\"https:\/\/docs.google.com\/spreadsheets\/d\/1pAJQ0HcRUu5gOcmTPV4KrAZ5nu7rBHx_\/edit?usp=sharing&#038;ouid=114424200181983449612&#038;rtpof=true&#038;sd=true\" target=\"_blank\" title=\"Abrir en una nueva pesta\u00f1a\" rel=\"noopener\"><img decoding=\"async\" src=\"http:\/\/www.comonfort.gob.mx\/sitio\/img\/xls.png\"><\/a>\n    <\/td>\n<td colspan=\"2\"><a href=\"https:\/\/docs.google.com\/spreadsheets\/d\/13ouM0QnIRVz8LigNC-OLZfwKld-rhBsW\/edit?usp=drive_link&#038;ouid=114424200181983449612&#038;rtpof=true&#038;sd=true\" target=\"_blank\" title=\"Abrir en una nueva pesta\u00f1a\" rel=\"noopener\"><img decoding=\"async\" src=\"http:\/\/www.comonfort.gob.mx\/sitio\/img\/xls.png\"><\/a>\n    <\/td>\n<td colspan=\"2\"><a href=\"https:\/\/docs.google.com\/spreadsheets\/d\/18tmAZWZ2C7LXqsvc8qnmk6DDJ_E68rie\/edit?usp=drive_link&#038;ouid=114424200181983449612&#038;rtpof=true&#038;sd=true\" target=\"_blank\" title=\"Abrir en una nueva pesta\u00f1a\" rel=\"noopener\"><img decoding=\"async\" src=\"http:\/\/www.comonfort.gob.mx\/sitio\/img\/xls.png\"><\/a>\n    <\/td>\n<\/tr>\n<tr>\n<td>2023<\/td>\n<td colspan=\"2\"><a href=\"https:\/\/docs.google.com\/spreadsheets\/d\/1xzlPIzWq8ZOcMWcsFmNjXKtrw5Be6sGp\/edit?usp=share_link&#038;ouid=114424200181983449612&#038;rtpof=true&#038;sd=true\" target=\"_blank\" title=\"Abrir en una nueva pesta\u00f1a\" rel=\"noopener\"><img decoding=\"async\" src=\"http:\/\/www.comonfort.gob.mx\/sitio\/img\/xls.png\"><\/a>\n<\/td>\n<td colspan=\"2\">\n<\/td>\n<td colspan=\"2\"><a href=\"https:\/\/docs.google.com\/spreadsheets\/d\/1eqPKX7vQcFiupfUXZ1xy0PVmln4hVApa\/edit?usp=sharing&#038;ouid=114424200181983449612&#038;rtpof=true&#038;sd=true\" target=\"_blank\" title=\"Abrir en una nueva pesta\u00f1a\" rel=\"noopener\"><img decoding=\"async\" src=\"http:\/\/www.comonfort.gob.mx\/sitio\/img\/xls.png\"><\/a>\n<\/td>\n<td colspan=\"2\"><a href=\"https:\/\/docs.google.com\/spreadsheets\/d\/1T7s4cz2FyB_5BQ3eQIjDnR3t9wQK7cLL\/edit?usp=sharing&#038;ouid=114424200181983449612&#038;rtpof=true&#038;sd=true\" target=\"_blank\" title=\"Abrir en una nueva pesta\u00f1a\" rel=\"noopener\"><img decoding=\"async\" src=\"http:\/\/www.comonfort.gob.mx\/sitio\/img\/xls.png\"><\/a>\n<\/td>\n<\/tr>\n<tr>\n<td>2022<\/td>\n<td colspan=\"2\"><a href=\"https:\/\/docs.google.com\/spreadsheets\/d\/1YEK1YSPXYEfriECfX59rxSGgjfHA7V_a\/edit?usp=sharing&#038;ouid=114424200181983449612&#038;rtpof=true&#038;sd=true\" target=\"_blank\" title=\"Abrir en una nueva pesta\u00f1a\" rel=\"noopener\"><img decoding=\"async\" src=\"http:\/\/www.comonfort.gob.mx\/sitio\/img\/xls.png\"><\/a>\n<\/td>\n<td colspan=\"2\"><a href=\"https:\/\/docs.google.com\/spreadsheets\/d\/19TY2wyZrfPVZKR9g3n4UDhsuntjzSSqU\/edit?usp=sharing&#038;ouid=114424200181983449612&#038;rtpof=true&#038;sd=true\" target=\"_blank\" title=\"Abrir en una nueva pesta\u00f1a\" rel=\"noopener\"><img decoding=\"async\" src=\"http:\/\/www.comonfort.gob.mx\/sitio\/img\/xls.png\"><\/a>\n<\/td>\n<td colspan=\"2\"><a href=\"https:\/\/docs.google.com\/spreadsheets\/d\/1B0CvvVIhEK76KtAwYdNcDkHPmR3zjSSy\/edit?usp=sharing&#038;ouid=114424200181983449612&#038;rtpof=true&#038;sd=true\" target=\"_blank\" title=\"Abrir en una nueva pesta\u00f1a\" rel=\"noopener\"><img decoding=\"async\" src=\"http:\/\/www.comonfort.gob.mx\/sitio\/img\/xls.png\"><\/a>\n<\/td>\n<td colspan=\"2\"><a href=\"https:\/\/docs.google.com\/spreadsheets\/d\/18oQKZunFzXcwo_DsAx1_fkTVDnhQtoHe\/edit?usp=share_link&#038;ouid=114424200181983449612&#038;rtpof=true&#038;sd=true\" target=\"_blank\" title=\"Abrir en una nueva pesta\u00f1a\" rel=\"noopener\"><img decoding=\"async\" src=\"http:\/\/www.comonfort.gob.mx\/sitio\/img\/xls.png\"><\/a>\n<\/td>\n<\/tr>\n<tr>\n<td>2021<\/td>\n<td><a href=\"http:\/\/view.officeapps.live.com\/op\/view.aspx?src=http:\/\/www.comonfort.gob.mx\/transparencia\/documentacion\/articulo70\/fraccion41\/archivos-formatos\/com\/2021\/1er-trim\/Fr-41-21-03-com-estudios-financiados-recurso-publico.xlsx\" target=\"_blank\" title=\"Abrir en una nueva pesta\u00f1a\" rel=\"noopener\"><img decoding=\"async\" src=\"http:\/\/www.comonfort.gob.mx\/sitio\/img\/xls.png\"><\/a>\n<\/td>\n<td><a href=\"http:\/\/www.comonfort.gob.mx\/transparencia\/documentacion\/articulo70\/fraccion41\/archivos-formatos\/com\/2021\/1er-trim\/Fr-41-21-03-com-estudios-financiados-recurso-publico.xlsx\" title=\"Descargar Formato (Excel)\"><img decoding=\"async\" src=\"http:\/\/www.comonfort.gob.mx\/sitio\/img\/xls-download.png\"><\/a>\n<\/td>\n<td><a href=\"http:\/\/view.officeapps.live.com\/op\/view.aspx?src=http:\/\/www.comonfort.gob.mx\/transparencia\/documentacion\/articulo70\/fraccion41\/archivos-formatos\/com\/2021\/2do-trim\/Fr-41-21-06-com-estudios-financiados-recurso-publico.xlsx\" target=\"_blank\" title=\"Abrir en una nueva pesta\u00f1a\" rel=\"noopener\"><img decoding=\"async\" src=\"http:\/\/www.comonfort.gob.mx\/sitio\/img\/xls.png\"><\/a>\n<\/td>\n<td><a href=\"http:\/\/www.comonfort.gob.mx\/transparencia\/documentacion\/articulo70\/fraccion41\/archivos-formatos\/com\/2021\/2do-trim\/Fr-41-21-06-com-estudios-financiados-recurso-publico.xlsx\" title=\"Descargar Formato (Excel)\"><img decoding=\"async\" src=\"http:\/\/www.comonfort.gob.mx\/sitio\/img\/xls-download.png\"><\/a>\n<\/td>\n<td><a href=\"http:\/\/view.officeapps.live.com\/op\/view.aspx?src=http:\/\/www.comonfort.gob.mx\/transparencia\/documentacion\/articulo70\/fraccion41\/archivos-formatos\/com\/2021\/3er-trim\/Fr-41-21-09-com-estudios-financiados-recurso-publico.xlsx\" target=\"_blank\" title=\"Abrir en una nueva pesta\u00f1a\" rel=\"noopener\"><img decoding=\"async\" src=\"http:\/\/www.comonfort.gob.mx\/sitio\/img\/xls.png\"><\/a>\n<\/td>\n<td><a href=\"http:\/\/www.comonfort.gob.mx\/transparencia\/documentacion\/articulo70\/fraccion41\/archivos-formatos\/com\/2021\/3er-trim\/Fr-41-21-09-com-estudios-financiados-recurso-publico.xlsx\" title=\"Descargar Formato (Excel)\"><img decoding=\"async\" src=\"http:\/\/www.comonfort.gob.mx\/sitio\/img\/xls-download.png\"><\/a>\n<\/td>\n<td><a href=\"https:\/\/docs.google.com\/spreadsheets\/d\/17u3xES0hMt_FHoJFeufEc5_N33TSpRKQ?rtpof=true&#038;authuser=obligacionesdetransparencia%40comonfort.gob.mx&#038;usp=drive_fs\" target=\"_blank\" title=\"Abrir en una nueva pesta\u00f1a\" rel=\"noopener\"><img decoding=\"async\" src=\"http:\/\/www.comonfort.gob.mx\/sitio\/img\/xls.png\"><\/a>\n<\/td>\n<td><a href=\"https:\/\/docs.google.com\/spreadsheets\/d\/17u3xES0hMt_FHoJFeufEc5_N33TSpRKQ?rtpof=true&#038;authuser=obligacionesdetransparencia%40comonfort.gob.mx&#038;usp=drive_fs\" title=\"Descargar Formato (Excel)\"><img decoding=\"async\" src=\"http:\/\/www.comonfort.gob.mx\/sitio\/img\/xls-download.png\"><\/a>\n<\/td>\n<\/tr>\n<\/div>\n<\/table>\n<\/div>\n<\/div>\n","protected":false},"excerpt":{"rendered":"<p>Fracci\u00f3n XLI. Los estudios financiados con recursos p\u00fablicos. Periodo de Conservaci\u00f3n: Informaci\u00f3n del ejercicio en curso y la correpondiente a dos ejercicios anteriores Per\u00edodo de Actualizaci\u00f3n: Trimestral.<\/p>\n","protected":false},"author":1,"featured_media":0,"parent":6,"menu_order":0,"comment_status":"closed","ping_status":"closed","template":"","meta":{"saved_in_kubio":false,"_eb_attr":"","footnotes":""},"kubio_ai_page_context":{"short_desc":"","purpose":"general"},"yoast_head":"<!-- This site is optimized with the Yoast SEO plugin v24.3 - https:\/\/yoast.com\/wordpress\/plugins\/seo\/ -->\n<title>Fracci\u00f3n XLI Los estudios financiados con recursos p\u00fablicos -<\/title>\n<meta name=\"robots\" content=\"index, follow, max-snippet:-1, max-image-preview:large, max-video-preview:-1\" \/>\n<link rel=\"canonical\" href=\"https:\/\/www.comonfort.gob.mx\/sitio\/transparencia\/fraccion41\/\" \/>\n<meta property=\"og:locale\" content=\"es_ES\" \/>\n<meta property=\"og:type\" content=\"article\" \/>\n<meta property=\"og:title\" content=\"Fracci\u00f3n XLI Los estudios financiados con recursos p\u00fablicos -\" \/>\n<meta property=\"og:description\" content=\"Fracci\u00f3n XLI. Los estudios financiados con recursos p\u00fablicos. Periodo de Conservaci\u00f3n: Informaci\u00f3n del ejercicio en curso y la correpondiente a dos ejercicios anteriores Per\u00edodo de Actualizaci\u00f3n: Trimestral.\" \/>\n<meta property=\"og:url\" content=\"https:\/\/www.comonfort.gob.mx\/sitio\/transparencia\/fraccion41\/\" \/>\n<meta property=\"article:publisher\" content=\"https:\/\/www.facebook.com\/Gobierno-de-Comonfort-2018-2021-771384679654142\/\" \/>\n<meta property=\"article:modified_time\" content=\"2025-02-04T16:15:57+00:00\" \/>\n<meta property=\"og:image\" content=\"http:\/\/www.comonfort.gob.mx\/sitio\/img\/logo-admin-centralizada-mas.png\" \/>\n<meta name=\"twitter:card\" content=\"summary_large_image\" \/>\n<meta name=\"twitter:site\" content=\"@GobComonfort\" \/>\n<meta name=\"twitter:label1\" content=\"Tiempo de lectura\" \/>\n\t<meta name=\"twitter:data1\" content=\"5 minutos\" \/>\n<script type=\"application\/ld+json\" class=\"yoast-schema-graph\">{\"@context\":\"https:\/\/schema.org\",\"@graph\":[{\"@type\":\"WebPage\",\"@id\":\"https:\/\/www.comonfort.gob.mx\/sitio\/transparencia\/fraccion41\/\",\"url\":\"https:\/\/www.comonfort.gob.mx\/sitio\/transparencia\/fraccion41\/\",\"name\":\"Fracci\u00f3n XLI Los estudios financiados con recursos p\u00fablicos -\",\"isPartOf\":{\"@id\":\"https:\/\/www.comonfort.gob.mx\/sitio\/#website\"},\"primaryImageOfPage\":{\"@id\":\"https:\/\/www.comonfort.gob.mx\/sitio\/transparencia\/fraccion41\/#primaryimage\"},\"image\":{\"@id\":\"https:\/\/www.comonfort.gob.mx\/sitio\/transparencia\/fraccion41\/#primaryimage\"},\"thumbnailUrl\":\"http:\/\/www.comonfort.gob.mx\/sitio\/img\/logo-admin-centralizada-mas.png\",\"datePublished\":\"2020-02-13T15:35:44+00:00\",\"dateModified\":\"2025-02-04T16:15:57+00:00\",\"breadcrumb\":{\"@id\":\"https:\/\/www.comonfort.gob.mx\/sitio\/transparencia\/fraccion41\/#breadcrumb\"},\"inLanguage\":\"es\",\"potentialAction\":[{\"@type\":\"ReadAction\",\"target\":[\"https:\/\/www.comonfort.gob.mx\/sitio\/transparencia\/fraccion41\/\"]}]},{\"@type\":\"ImageObject\",\"inLanguage\":\"es\",\"@id\":\"https:\/\/www.comonfort.gob.mx\/sitio\/transparencia\/fraccion41\/#primaryimage\",\"url\":\"http:\/\/www.comonfort.gob.mx\/sitio\/img\/logo-admin-centralizada-mas.png\",\"contentUrl\":\"http:\/\/www.comonfort.gob.mx\/sitio\/img\/logo-admin-centralizada-mas.png\"},{\"@type\":\"BreadcrumbList\",\"@id\":\"https:\/\/www.comonfort.gob.mx\/sitio\/transparencia\/fraccion41\/#breadcrumb\",\"itemListElement\":[{\"@type\":\"ListItem\",\"position\":1,\"name\":\"Portada\",\"item\":\"https:\/\/www.comonfort.gob.mx\/sitio\/\"},{\"@type\":\"ListItem\",\"position\":2,\"name\":\"Transparencia\",\"item\":\"https:\/\/www.comonfort.gob.mx\/sitio\/transparencia\/\"},{\"@type\":\"ListItem\",\"position\":3,\"name\":\"Fracci\u00f3n XLI Los estudios financiados con recursos p\u00fablicos\"}]},{\"@type\":\"WebSite\",\"@id\":\"https:\/\/www.comonfort.gob.mx\/sitio\/#website\",\"url\":\"https:\/\/www.comonfort.gob.mx\/sitio\/\",\"name\":\"Presidencia Municipal de Comonfort, Gto.\",\"description\":\"\",\"publisher\":{\"@id\":\"https:\/\/www.comonfort.gob.mx\/sitio\/#organization\"},\"potentialAction\":[{\"@type\":\"SearchAction\",\"target\":{\"@type\":\"EntryPoint\",\"urlTemplate\":\"https:\/\/www.comonfort.gob.mx\/sitio\/?s={search_term_string}\"},\"query-input\":{\"@type\":\"PropertyValueSpecification\",\"valueRequired\":true,\"valueName\":\"search_term_string\"}}],\"inLanguage\":\"es\"},{\"@type\":\"Organization\",\"@id\":\"https:\/\/www.comonfort.gob.mx\/sitio\/#organization\",\"name\":\"Presidencia Municipal de Comonfort, Gto.\",\"url\":\"https:\/\/www.comonfort.gob.mx\/sitio\/\",\"logo\":{\"@type\":\"ImageObject\",\"inLanguage\":\"es\",\"@id\":\"https:\/\/www.comonfort.gob.mx\/sitio\/#\/schema\/logo\/image\/\",\"url\":\"https:\/\/www.comonfort.gob.mx\/sitio\/wp-content\/uploads\/2020\/11\/logo-comonfort-c.png\",\"contentUrl\":\"https:\/\/www.comonfort.gob.mx\/sitio\/wp-content\/uploads\/2020\/11\/logo-comonfort-c.png\",\"width\":326,\"height\":348,\"caption\":\"Presidencia Municipal de Comonfort, Gto.\"},\"image\":{\"@id\":\"https:\/\/www.comonfort.gob.mx\/sitio\/#\/schema\/logo\/image\/\"},\"sameAs\":[\"https:\/\/www.facebook.com\/Gobierno-de-Comonfort-2018-2021-771384679654142\/\",\"https:\/\/x.com\/GobComonfort\",\"https:\/\/www.instagram.com\/gobiernocomonfort_oficial\/\",\"https:\/\/www.linkedin.com\/in\/gobierno-de-comonfort-380b251aa\"]}]}<\/script>\n<!-- \/ Yoast SEO plugin. -->","yoast_head_json":{"title":"Fracci\u00f3n XLI Los estudios financiados con recursos p\u00fablicos -","robots":{"index":"index","follow":"follow","max-snippet":"max-snippet:-1","max-image-preview":"max-image-preview:large","max-video-preview":"max-video-preview:-1"},"canonical":"https:\/\/www.comonfort.gob.mx\/sitio\/transparencia\/fraccion41\/","og_locale":"es_ES","og_type":"article","og_title":"Fracci\u00f3n XLI Los estudios financiados con recursos p\u00fablicos -","og_description":"Fracci\u00f3n XLI. Los estudios financiados con recursos p\u00fablicos. Periodo de Conservaci\u00f3n: Informaci\u00f3n del ejercicio en curso y la correpondiente a dos ejercicios anteriores Per\u00edodo de Actualizaci\u00f3n: Trimestral.","og_url":"https:\/\/www.comonfort.gob.mx\/sitio\/transparencia\/fraccion41\/","article_publisher":"https:\/\/www.facebook.com\/Gobierno-de-Comonfort-2018-2021-771384679654142\/","article_modified_time":"2025-02-04T16:15:57+00:00","og_image":[{"url":"http:\/\/www.comonfort.gob.mx\/sitio\/img\/logo-admin-centralizada-mas.png","type":"","width":"","height":""}],"twitter_card":"summary_large_image","twitter_site":"@GobComonfort","twitter_misc":{"Tiempo de lectura":"5 minutos"},"schema":{"@context":"https:\/\/schema.org","@graph":[{"@type":"WebPage","@id":"https:\/\/www.comonfort.gob.mx\/sitio\/transparencia\/fraccion41\/","url":"https:\/\/www.comonfort.gob.mx\/sitio\/transparencia\/fraccion41\/","name":"Fracci\u00f3n XLI Los estudios financiados con recursos p\u00fablicos -","isPartOf":{"@id":"https:\/\/www.comonfort.gob.mx\/sitio\/#website"},"primaryImageOfPage":{"@id":"https:\/\/www.comonfort.gob.mx\/sitio\/transparencia\/fraccion41\/#primaryimage"},"image":{"@id":"https:\/\/www.comonfort.gob.mx\/sitio\/transparencia\/fraccion41\/#primaryimage"},"thumbnailUrl":"http:\/\/www.comonfort.gob.mx\/sitio\/img\/logo-admin-centralizada-mas.png","datePublished":"2020-02-13T15:35:44+00:00","dateModified":"2025-02-04T16:15:57+00:00","breadcrumb":{"@id":"https:\/\/www.comonfort.gob.mx\/sitio\/transparencia\/fraccion41\/#breadcrumb"},"inLanguage":"es","potentialAction":[{"@type":"ReadAction","target":["https:\/\/www.comonfort.gob.mx\/sitio\/transparencia\/fraccion41\/"]}]},{"@type":"ImageObject","inLanguage":"es","@id":"https:\/\/www.comonfort.gob.mx\/sitio\/transparencia\/fraccion41\/#primaryimage","url":"http:\/\/www.comonfort.gob.mx\/sitio\/img\/logo-admin-centralizada-mas.png","contentUrl":"http:\/\/www.comonfort.gob.mx\/sitio\/img\/logo-admin-centralizada-mas.png"},{"@type":"BreadcrumbList","@id":"https:\/\/www.comonfort.gob.mx\/sitio\/transparencia\/fraccion41\/#breadcrumb","itemListElement":[{"@type":"ListItem","position":1,"name":"Portada","item":"https:\/\/www.comonfort.gob.mx\/sitio\/"},{"@type":"ListItem","position":2,"name":"Transparencia","item":"https:\/\/www.comonfort.gob.mx\/sitio\/transparencia\/"},{"@type":"ListItem","position":3,"name":"Fracci\u00f3n XLI Los estudios financiados con recursos p\u00fablicos"}]},{"@type":"WebSite","@id":"https:\/\/www.comonfort.gob.mx\/sitio\/#website","url":"https:\/\/www.comonfort.gob.mx\/sitio\/","name":"Presidencia Municipal de Comonfort, Gto.","description":"","publisher":{"@id":"https:\/\/www.comonfort.gob.mx\/sitio\/#organization"},"potentialAction":[{"@type":"SearchAction","target":{"@type":"EntryPoint","urlTemplate":"https:\/\/www.comonfort.gob.mx\/sitio\/?s={search_term_string}"},"query-input":{"@type":"PropertyValueSpecification","valueRequired":true,"valueName":"search_term_string"}}],"inLanguage":"es"},{"@type":"Organization","@id":"https:\/\/www.comonfort.gob.mx\/sitio\/#organization","name":"Presidencia Municipal de Comonfort, Gto.","url":"https:\/\/www.comonfort.gob.mx\/sitio\/","logo":{"@type":"ImageObject","inLanguage":"es","@id":"https:\/\/www.comonfort.gob.mx\/sitio\/#\/schema\/logo\/image\/","url":"https:\/\/www.comonfort.gob.mx\/sitio\/wp-content\/uploads\/2020\/11\/logo-comonfort-c.png","contentUrl":"https:\/\/www.comonfort.gob.mx\/sitio\/wp-content\/uploads\/2020\/11\/logo-comonfort-c.png","width":326,"height":348,"caption":"Presidencia Municipal de Comonfort, Gto."},"image":{"@id":"https:\/\/www.comonfort.gob.mx\/sitio\/#\/schema\/logo\/image\/"},"sameAs":["https:\/\/www.facebook.com\/Gobierno-de-Comonfort-2018-2021-771384679654142\/","https:\/\/x.com\/GobComonfort","https:\/\/www.instagram.com\/gobiernocomonfort_oficial\/","https:\/\/www.linkedin.com\/in\/gobierno-de-comonfort-380b251aa"]}]}},"_links":{"self":[{"href":"https:\/\/www.comonfort.gob.mx\/sitio\/wp-json\/wp\/v2\/pages\/10607"}],"collection":[{"href":"https:\/\/www.comonfort.gob.mx\/sitio\/wp-json\/wp\/v2\/pages"}],"about":[{"href":"https:\/\/www.comonfort.gob.mx\/sitio\/wp-json\/wp\/v2\/types\/page"}],"author":[{"embeddable":true,"href":"https:\/\/www.comonfort.gob.mx\/sitio\/wp-json\/wp\/v2\/users\/1"}],"replies":[{"embeddable":true,"href":"https:\/\/www.comonfort.gob.mx\/sitio\/wp-json\/wp\/v2\/comments?post=10607"}],"version-history":[{"count":17,"href":"https:\/\/www.comonfort.gob.mx\/sitio\/wp-json\/wp\/v2\/pages\/10607\/revisions"}],"predecessor-version":[{"id":18293,"href":"https:\/\/www.comonfort.gob.mx\/sitio\/wp-json\/wp\/v2\/pages\/10607\/revisions\/18293"}],"up":[{"embeddable":true,"href":"https:\/\/www.comonfort.gob.mx\/sitio\/wp-json\/wp\/v2\/pages\/6"}],"wp:attachment":[{"href":"https:\/\/www.comonfort.gob.mx\/sitio\/wp-json\/wp\/v2\/media?parent=10607"}],"curies":[{"name":"wp","href":"https:\/\/api.w.org\/{rel}","templated":true}]}}